{"id":579,"date":"2021-04-15T17:03:36","date_gmt":"2021-04-15T15:03:36","guid":{"rendered":"https:\/\/tutodys.eu\/i-partner\/"},"modified":"2023-06-16T11:25:36","modified_gmt":"2023-06-16T09:25:36","slug":"i-partner","status":"publish","type":"page","link":"https:\/\/tutodys.eu\/it\/i-partner\/","title":{"rendered":"I partner"},"content":{"rendered":"<p>[et_pb_section fb_built=&#8221;1&#8243; _builder_version=&#8221;4.16&#8243; _module_preset=&#8221;default&#8221; background_color=&#8221;#F8FAFC&#8221; custom_margin=&#8221;||||false|false&#8221; custom_padding=&#8221;30px||30px||false|false&#8221; global_colors_info=&#8221;{}&#8221;][et_pb_row _builder_version=&#8221;4.16&#8243; _module_preset=&#8221;default&#8221; global_colors_info=&#8221;{}&#8221;][et_pb_column type=&#8221;4_4&#8243; _builder_version=&#8221;4.16&#8243; _module_preset=&#8221;default&#8221; global_colors_info=&#8221;{}&#8221;][et_pb_text _builder_version=&#8221;4.16&#8243; _module_preset=&#8221;default&#8221; header_text_color=&#8221;#e95009&#8243; global_colors_info=&#8221;{}&#8221;]<\/p>\n<h1 style=\"text-align: center; color: #e95008;\"><strong>I partner<\/strong><\/h1>\n<p>[\/et_pb_text][et_pb_text _builder_version=&#8221;4.16&#8243; _module_preset=&#8221;default&#8221; width=&#8221;70%&#8221; module_alignment=&#8221;center&#8221; global_colors_info=&#8221;{}&#8221;]<\/p>\n<p style=\"text-align: center;\">Tutodys \u00e8 stato sviluppato da un partenariato europeo all&#8217;interno dell&#8217;azione Erasmus + KA2 settore scuola, con il supporto di organizzazioni di cinque paesi diversi.<br \/> Belgio \u2013 Bulgaria \u2013 Croazia \u2013 Francia \u2013 Italia<\/p>\n<p>[\/et_pb_text][\/et_pb_column][\/et_pb_row][\/et_pb_section][et_pb_section fb_built=&#8221;1&#8243; _builder_version=&#8221;4.16&#8243; _module_preset=&#8221;default&#8221; global_colors_info=&#8221;{}&#8221;][et_pb_row column_structure=&#8221;2_3,1_3&#8243; make_equal=&#8221;on&#8221; _builder_version=&#8221;4.16&#8243; _module_preset=&#8221;default&#8221; global_colors_info=&#8221;{}&#8221;][et_pb_column type=&#8221;2_3&#8243; _builder_version=&#8221;4.16&#8243; _module_preset=&#8221;default&#8221; global_colors_info=&#8221;{}&#8221;][et_pb_text module_id=&#8221;edulog-partner&#8221; _builder_version=&#8221;4.16&#8243; _module_preset=&#8221;default&#8221; global_colors_info=&#8221;{}&#8221;]<\/p>\n<h2><strong>Edulog<\/strong><\/h2>\n<p>[\/et_pb_text][et_pb_text _builder_version=&#8221;4.16&#8243; _module_preset=&#8221;default&#8221; global_colors_info=&#8221;{}&#8221;]<\/p>\n<p><span>Dal 2009, EDULOG lavora con scuole superiori e associazioni educative per create strumenti informatici per comunicare, collaborare e condividere. Il nostro obiettivo \u00e8 di rafforzare le relazioni tra studenti e insegnanti.<\/span><\/p>\n<p><span>EDULOG vende 4 differenti prodotti: <\/span><br \/><span>&#8211; IAL \u00e8 una piattaforma collaborativa usata da scuole e associazioni. Con un login e una password, studenti e insegnanti possono accedere ad una vasta selezione di risorse, libri e contenuti pedagogici. Gli studenti possono lavorare insieme e condividere le loro produzioni. IAL \u00e8 anche un insieme di strumenti di servizi web usati da scuole superiori per gestire il lavoro degli studenti e la loro preparazione: curriculum, controllo dei compiti a casa, pianificazione dei lavori, presenze&#8230; IAL \u00e8 connesso con altri servizi con altre tecnologie moderne. <\/span><br \/><span>&#8211; \u201cCahierDeTextesEnLigne\u201d \u00e8 una soluzione completa per insegnanti che vogliono condividere la pianificazione e i compiti per casa degli studenti. Questo strumento \u00e8 libero per insegnanti individuali: \u00e8 utilizzato in tutto il mondo in paesi francofoni o in istituzioni francesi.<br \/>\u2013 \u201cEDULOG Secr\u00e9tariat et Facturation\u201d \u00e8 un software completamente dedicato al sistema di fatturazione delle scuole<\/span><br \/><span>&#8211; \u201cEDULOG Secr\u00e9tariat et Facturation\u201d \u00e8 un software completamente dedicato al sistema di fatturazione delle scuole<\/span><br \/><span>&#8211; E, per finire, 123Web \u00e8 un sistema di gestione contenuti (CSM) sviluppato specificatamente per scuole e associazioni. 123Web \u00e8 molto semplice da usare e permette agli insegnanti si usare un sito in un contesto pedagogico. <\/span><\/p>\n<p><span>EDULOG crea inoltre soluzioni web collaborative pensate per associazioni e istituzioni educative, basate su richieste specifiche. Infine, dal 2016, EDULOG ha iniziato a partecipare a progetti ERASMUS+ nell&#8217;ambito dell&#8217;innovazione didattica, con un particolare focus al supporto di studenti con disturbi specifici dell&#8217;apprendimento. <\/span><\/p>\n<p><a href=\"https:\/\/www.edulog.fr\/\" target=\"_blank\" rel=\"noopener\"><span><i class=\"fas fa-link fa-2x picto_color\"><\/i><\/span><\/a><a href=\"https:\/\/twitter.com\/edulog\"><i class=\"fab fa-twitter fa-2x picto_color\" style=\"margin-left: 10px;\"><\/i><\/a><a href=\"https:\/\/www.facebook.com\/Edulog.fr\"><i class=\"fab fa-facebook fa-2x picto_color\" style=\"margin-left: 10px;\"><br \/>\n<\/i><\/a>[\/et_pb_text][\/et_pb_column][et_pb_column type=&#8221;1_3&#8243; module_class=&#8221;centrer-verticalement&#8221; _builder_version=&#8221;4.16&#8243; _module_preset=&#8221;default&#8221; global_colors_info=&#8221;{}&#8221;][et_pb_image src=&#8221;https:\/\/tutodys.eu\/wp-content\/uploads\/2021\/03\/logo.svg&#8221; title_text=&#8221;Edulog&#8221; url=&#8221;https:\/\/www.edulog.fr\/&#8221; align=&#8221;center&#8221; module_class=&#8221;centrer-verticalement&#8221; _builder_version=&#8221;4.16&#8243; _module_preset=&#8221;default&#8221; width=&#8221;200px&#8221; global_colors_info=&#8221;{}&#8221;][\/et_pb_image][\/et_pb_column][\/et_pb_row][et_pb_row column_structure=&#8221;2_3,1_3&#8243; make_equal=&#8221;on&#8221; _builder_version=&#8221;4.16&#8243; _module_preset=&#8221;default&#8221; global_colors_info=&#8221;{}&#8221;][et_pb_column type=&#8221;2_3&#8243; _builder_version=&#8221;4.16&#8243; _module_preset=&#8221;default&#8221; global_colors_info=&#8221;{}&#8221;][et_pb_text module_id=&#8221;logopsycom-partner&#8221; _builder_version=&#8221;4.16&#8243; _module_preset=&#8221;default&#8221; min_height=&#8221;27px&#8221; global_colors_info=&#8221;{}&#8221;]<\/p>\n<h2><strong>Logopsycom<\/strong><\/h2>\n<p>[\/et_pb_text][et_pb_text _builder_version=&#8221;4.16&#8243; _module_preset=&#8221;default&#8221; global_colors_info=&#8221;{}&#8221;]<span>Logopsycom \u00e8 un centro di formazione innovativo che crea e utilizza metodi alternativi e strumenti (digitali e non) per supportare scuole, centri di formazione professionale, organizzazioni formative, giovani e genitori. Inizialmente Logopsycom nasce come azienda di assistenza, specializzata nei disturbi dell\u2019apprendimento tra i giovani, soprattutto nelle cosidette \u201cDis\u201d (disprassia, disfasia, dislessia ecc..), anche denominati disturbi specifici dell\u2019apprendimento (DSA) e per questo \u00e8 sempre molto attenta all\u2019accessibilit\u00e0 dei contenuti. <\/span><br \/>\n<span><i class=\"fas fa-map-marker-alt\"  style=\" color:grey\"><\/i> 20, chemin de la Valli\u00e8re 7000 Mons<\/span><\/p>\n<p><a href=\"https:\/\/www.logopsycom.com\/\" target=\"_blank\" rel=\"noopener\"><span><i class=\"fas fa-link fa-2x picto_color\"><\/i><\/span><\/a><a href=\"mailto:info@logopsycom.com\"><span><i class=\"fas fa-envelope fa-2x picto_color\"  style=\" margin-left: 10px;\"><\/i>  <\/span><\/a><a href=\"https:\/\/twitter.com\/logopsycom\"><i class=\"fab fa-twitter fa-2x picto_color\" style=\"margin-left: 10px;\"><\/i><\/a><a href=\"https:\/\/www.facebook.com\/Logopsycom\/\"><i class=\"fab fa-facebook fa-2x picto_color\" style=\"margin-left:10px;\"><br \/>\n<\/i><\/a><a href=\"https:\/\/www.instagram.com\/logopsycom\/\"><i class=\"fab fa-instagram fa-2x picto_color\" style=\"margin-left:10px;\"><\/i><\/a>[\/et_pb_text][\/et_pb_column][et_pb_column type=&#8221;1_3&#8243; module_class=&#8221;centrer-verticalement&#8221; _builder_version=&#8221;4.16&#8243; _module_preset=&#8221;default&#8221; global_colors_info=&#8221;{}&#8221;][et_pb_image src=&#8221;https:\/\/tutodys.eu\/wp-content\/uploads\/2021\/03\/logopsycom-removebg-preview.png&#8221; title_text=&#8221;logopsycom-removebg-preview&#8221; url=&#8221;https:\/\/logopsycom.com\/fr\/accueil\/&#8221; align=&#8221;center&#8221; module_class=&#8221;centrer-verticalement&#8221; _builder_version=&#8221;4.16&#8243; _module_preset=&#8221;default&#8221; width=&#8221;220px&#8221; global_colors_info=&#8221;{}&#8221;][\/et_pb_image][\/et_pb_column][\/et_pb_row][et_pb_row column_structure=&#8221;2_3,1_3&#8243; make_equal=&#8221;on&#8221; _builder_version=&#8221;4.16&#8243; _module_preset=&#8221;default&#8221; global_colors_info=&#8221;{}&#8221;][et_pb_column type=&#8221;2_3&#8243; _builder_version=&#8221;4.16&#8243; _module_preset=&#8221;default&#8221; global_colors_info=&#8221;{}&#8221;][et_pb_text module_id=&#8221;lesapprimeurs-partner&#8221; _builder_version=&#8221;4.16&#8243; _module_preset=&#8221;default&#8221; global_colors_info=&#8221;{}&#8221;]<\/p>\n<h2><strong>Les Apprimeurs<\/strong><\/h2>\n<p>[\/et_pb_text][et_pb_text _builder_version=&#8221;4.16&#8243; _module_preset=&#8221;default&#8221; global_colors_info=&#8221;{}&#8221;]<\/p>\n<p>Fondata nel 2013, Les Apprimeurs \u00e8 una casa editrice e agenzia digitale che mira ad accompagnare professionisti del settore culturale e della formazione alla creazione e disseminazione di contenuti digitali. Il nostro team \u00e8 specializzato nel formato EPUB 3 format, ed immagina soluzioni ad-hoc per rispondere alle nuove esigenze degli utenti in termini di accessibilit\u00e0, disseminazione e interattivit\u00e0. La nostra attivit\u00e0 si snoda su quattro assi:<\/p>\n<p>&#8211; Creazione di prodotti digitali (ebook) arricchiti e accessibili, che sono stati riconosciuti con vari premi, sotto il marchio di pubblicazione L\u2019Apprimerie. Noi inoltre collaboriamo con professionisti e organizzazioni provenienti da vari settori: educativo, culturale e audiovisivo.<br \/>\n&#8211; Pubblicazione di libri illustrati. Lavoriamo con autori e illustratori, e accompagnamo loro nella creazione e produzione di libri per bambini. Organizziamo workshops in scuole di arte sui nuovi processi narrativi, combinando media tradizionali e digitali. Lavoriamo con librerie ed insegnanti per promuovere la creazione di libri intesi come progetti creativi, per far lavorare insieme classi e individui provenienti da diversi ambienti.<br \/>\n&#8211; Sviluppo di strumenti formativi educativi e digitali per facilitare l&#8217;accesso ai contenuti scritti. Consideriamo l&#8217;editoria digitale come un servizio per i lettori, e una vera opportunit\u00e0 per ampliare l&#8217;accesso all&#8217;esperienza della lettura. L&#8217;accessibilit\u00e0 e l&#8217;editoria inclusiva sono due pietre miliari del nostro approccio.<br \/>\n&#8211; Formazione di professionisti e studenti dai settori editoriali, audiovisivi, artistici, scolastici, del design, desiderosi di aggiornare le loro competenze digitali e di esplorare nuove modalit\u00e0 di produrre contenuti digitali.  <\/p>\n<p><a href=\"https:\/\/lesapprimeurs.com\/\"><i class=\"fas fa-link fa-2x picto_color\"><\/i><\/a><a href=\"https:\/\/www.facebook.com\/lesapprimeurs\/\"><i class=\"fab fa-facebook fa-2x picto_color\" style=\"margin-left: 10px;\"><\/i><\/a><a href=\"https:\/\/www.instagram.com\/lesapprimeurs\/\"><i class=\"fab fa-instagram fa-2x picto_color\" style=\"margin-left: 10px;\"><\/i><\/a><a href=\"https:\/\/twitter.com\/apprimeurs\"><i class=\"fab fa-twitter fa-2x picto_color\" style=\"margin-left: 10px;\"><\/i><\/a>\n<\/p>\n<p>[\/et_pb_text][\/et_pb_column][et_pb_column type=&#8221;1_3&#8243; module_class=&#8221;centrer-verticalement&#8221; _builder_version=&#8221;4.16&#8243; _module_preset=&#8221;default&#8221; global_colors_info=&#8221;{}&#8221;][et_pb_image src=&#8221;https:\/\/tutodys.eu\/wp-content\/uploads\/2023\/06\/les-apprimeurs-2.png&#8221; alt=&#8221;Les Apprimeurs&#8221; title_text=&#8221;Les Apprimeurs&#8221; url=&#8221;http:\/\/lesapprimeurs.com\/&#8221; align=&#8221;center&#8221; module_class=&#8221;centrer-verticalement&#8221; _builder_version=&#8221;4.17.6&#8243; _module_preset=&#8221;default&#8221; width=&#8221;240px&#8221; hover_enabled=&#8221;0&#8243; global_colors_info=&#8221;{}&#8221; sticky_enabled=&#8221;0&#8243;][\/et_pb_image][\/et_pb_column][\/et_pb_row][et_pb_row column_structure=&#8221;2_3,1_3&#8243; make_equal=&#8221;on&#8221; _builder_version=&#8221;4.16&#8243; _module_preset=&#8221;default&#8221; global_colors_info=&#8221;{}&#8221;][et_pb_column type=&#8221;2_3&#8243; _builder_version=&#8221;4.16&#8243; _module_preset=&#8221;default&#8221; global_colors_info=&#8221;{}&#8221;][et_pb_text module_id=&#8221;dabg-partner&#8221; _builder_version=&#8221;4.16&#8243; _module_preset=&#8221;default&#8221; global_colors_info=&#8221;{}&#8221;]<\/p>\n<h2><strong>Asociacia Dyslexia &#8211; Bulgaria (DABG)<\/strong><\/h2>\n<p>[\/et_pb_text][et_pb_text _builder_version=&#8221;4.16&#8243; _module_preset=&#8221;default&#8221; custom_padding=&#8221;||0px|||&#8221; global_colors_info=&#8221;{}&#8221;]<\/p>\n<p>L&#8217;Asociacia Dyslexia &#8211; Bulgaria (DABG) \u00e8 un&#8217;organizzazione non governativa e non profit nata nel settembre del 2005. I principali obiettivi dell&#8217;associazione sono: <\/p>\n<p>&#8211; diffondere informazioni sulla dislessia e su altre difficolt\u00e0 dell&#8217;apprendimento, attraverso pubblicazioni, lezioni, workshops, presentazioni, attivit\u00e0 online ecc.<br \/>\n&#8211; insegnare a insegnanti\/tutor\/formatori come riconoscere i sintomi della dislessia e di tutte le condizioni associate dei bambini dislessici e di quelli che affrontano altre difficolt\u00e0 nell&#8217;apprendimento.<br \/>\n&#8211; lavorare individualmente o in piccoli gruppi con bambini e giovani, e aiutare loro nel superare le difficolt\u00e0.<br \/>\n&#8211; lavorare per creare una societ\u00e0 aperta alla dislessia che permetta a tutte le persone dislessiche di raggiungere il loro potenziale. <\/p>\n<p>Dalla sua nascita nel 2005, DABG ha partecipato in molti progetti connessi con la dislessia e altri disturbi specifici dell&#8217;apprendimento, identificazione ed intervento precoce; supportare studenti per sviluppare buone competenze per studiare, usando tecnologie di supporto nella formazione, per il bilinguismo, apprendimento e insegnamento di lingue straniere ecc.<\/p>\n<p>Gli esperti dell&#8217;associazione organizzano corsi, seminari, workshop, presentazioni per insegnanti, specilisti e genitori; consulenze per la valutazione individuale per bambini, giovani, e adulti da tutti i paesi.<br \/>\nIl team include specialisti esperti e motivati &#8211; pedagoghi, psicologi, logopedisti, esperti di dislessia, insegnanti. La maggior parte delle attivit\u00e0 sono supportate da volontari con un forte interesse per i bisogni educativi speciali.<\/p>\n<p><a href=\"https:\/\/www.dyslexia-bg.org\"><i class=\"fas fa-link fa-2x picto_color\"><\/i><\/a><a href=\"https:\/\/facebook.com\/\u0410\u0441\u043e\u0446\u0438\u0430\u0446\u0438\u044f-\u0414\u0438\u0441\u043b\u0435\u043a\u0441\u0438\u044f-\u0411\u044a\u043b\u0433\u0430\u0440\u0438\u044f\"><i class=\"fab fa-facebook fa-2x picto_color\" style=\"margin-left: 10px;\"><\/i><\/a>\n<\/p>\n<p>[\/et_pb_text][\/et_pb_column][et_pb_column type=&#8221;1_3&#8243; module_class=&#8221;centrer-verticalement&#8221; _builder_version=&#8221;4.16&#8243; _module_preset=&#8221;default&#8221; global_colors_info=&#8221;{}&#8221;][et_pb_image src=&#8221;https:\/\/tutodys.eu\/wp-content\/uploads\/2021\/03\/dabg-removebg-preview.png&#8221; title_text=&#8221;dabg-removebg-preview&#8221; url=&#8221;http:\/\/edyslearn.com\/Home.html&#8221; align=&#8221;center&#8221; module_class=&#8221;centrer-verticalement&#8221; _builder_version=&#8221;4.16&#8243; _module_preset=&#8221;default&#8221; width=&#8221;200px&#8221; global_colors_info=&#8221;{}&#8221;][\/et_pb_image][\/et_pb_column][\/et_pb_row][et_pb_row column_structure=&#8221;2_3,1_3&#8243; make_equal=&#8221;on&#8221; _builder_version=&#8221;4.16&#8243; _module_preset=&#8221;default&#8221; locked=&#8221;off&#8221; global_colors_info=&#8221;{}&#8221;][et_pb_column type=&#8221;2_3&#8243; _builder_version=&#8221;4.16&#8243; _module_preset=&#8221;default&#8221; global_colors_info=&#8221;{}&#8221;][et_pb_text module_id=&#8221;euphoria-partner&#8221; _builder_version=&#8221;4.16&#8243; _module_preset=&#8221;default&#8221; global_colors_info=&#8221;{}&#8221;]<\/p>\n<h2><strong>Euphoria<\/strong><\/h2>\n<p>[\/et_pb_text][et_pb_text _builder_version=&#8221;4.16&#8243; _module_preset=&#8221;default&#8221; global_colors_info=&#8221;{}&#8221;]<\/p>\n<p><span>Euphoria Net Srl \u00e8 un\u2019azienda italiana nata nel marzo 2019 con lo scopo di fornire servizi nel campo della gestione dei progetti, supportando diversi tipi di organizzazioni nella partecipazione e implementazione di progetti, anche attraverso corsi di formazione ad hoc.<br \/>\nEuphoria \u00e8 specializzata nel campo dell\u2019istruzione e lavora principalmente in progetti che hanno l\u2019ambizione di innovare tale settore.  <\/span><br \/><span>Le aree principali di attivit\u00e0 di Euphoria Net Srl sono le seguenti:<br \/>\n<\/span><br \/>\n<span> &#8211; Project management: Euphoria segue tutti gli aspetti legati ai progetti europei, dalla pianificazione alla scrittura all\u2019implementazione, seguendo le attivit\u00e0 di disseminazione e di reportistica, lavorando anche sugli stessi risultati del progetto in base alle necessit\u00e0 del progetto stesso. <\/span><br \/><span>&#8211; Corsi di formazione: Euphoria organizza corsi di formazione per scuole di ogni grado, universit\u00e0 e associazioni sui seguenti temi: project management, competenze digitali, imprenditorialit\u00e0, supportare lo sviluppo delle STEM a scuola, cittadinanza europea, apprendimento personalizzato,  soft skills e metodologie innovative.<\/span><br \/><span><br \/>\nLa nostra sede \u00e8 a Roma, ma viaggiamo in tutta Italia per erogare i nostri corsi di formazione e in Europa per realizzare progetti UE.<\/span><br \/><span> <\/span><br \/>\n<a href=\"www.euphorianet.it\" target=\"_blank\" rel=\"noopener\"><span><i class=\"fas fa-link fa-2x picto_color\"><\/i><\/span><\/a><a href=\"mailto:info@euphorianet.it\"><span><i class=\"fas fa-envelope fa-2x picto_color\"  style=\"margin-left: 10px;\"><\/i>  <\/span><\/a><a href=\"@EuphoriaNETsrl\"><i class=\"fab fa-facebook fa-2x picto_color\" style=\"margin-left:10px;\"><br \/>\n<\/i><\/a>\n<\/p>\n<p>[\/et_pb_text][\/et_pb_column][et_pb_column type=&#8221;1_3&#8243; module_class=&#8221;centrer-verticalement&#8221; _builder_version=&#8221;4.16&#8243; _module_preset=&#8221;default&#8221; global_colors_info=&#8221;{}&#8221;][et_pb_image src=&#8221;https:\/\/tutodys.eu\/wp-content\/uploads\/2021\/03\/euphoria-removebg-preview.png&#8221; title_text=&#8221;euphoria-removebg-preview&#8221; url=&#8221;https:\/\/euphorianet.it\/&#8221; align=&#8221;center&#8221; module_class=&#8221;centrer-verticalement&#8221; _builder_version=&#8221;4.16&#8243; _module_preset=&#8221;default&#8221; width=&#8221;200px&#8221; global_colors_info=&#8221;{}&#8221;][\/et_pb_image][\/et_pb_column][\/et_pb_row][et_pb_row column_structure=&#8221;2_3,1_3&#8243; make_equal=&#8221;on&#8221; _builder_version=&#8221;4.16&#8243; _module_preset=&#8221;default&#8221; locked=&#8221;off&#8221; global_colors_info=&#8221;{}&#8221;][et_pb_column type=&#8221;2_3&#8243; _builder_version=&#8221;4.16&#8243; _module_preset=&#8221;default&#8221; global_colors_info=&#8221;{}&#8221;][et_pb_text module_id=&#8221;josipmatosps-partner&#8221; _builder_version=&#8221;4.16&#8243; _module_preset=&#8221;default&#8221; global_colors_info=&#8221;{}&#8221;]<\/p>\n<h2><strong>Josip Matos PS<\/strong><\/h2>\n<p>[\/et_pb_text][et_pb_text _builder_version=&#8221;4.16&#8243; _module_preset=&#8221;default&#8221; global_colors_info=&#8221;{}&#8221;]<\/p>\n<p><span>Scuola primaria Josip Matos <\/span><\/p>\n<p><span>La scuola primaria Josip Mats \u00e8 l&#8217;unica scuola indipendente per studenti con disabilit\u00e0 della Regione Vukovar-Srijem. La scuola \u00e8 stata fondata nel 1970 ed include scuola primaria  e formazione per bambini e giovani con disabilit\u00e0, formazione e assistenza ad alunni in et\u00e0 pre-scolare, cos\u00ec come formazione primaria per adulti con disabiliti\u00e0, come:        <\/span><\/p>\n<p>&#8211; bambini e giovani con un livello leggero di disabilit\u00e0 intellettuale con disabilit\u00e0 con disabilit\u00e0 influente <br \/><\/span><span>&#8211; bambini e giovani ad un livello moderato e severo di disabilit\u00e0 intellettuale <br \/><\/span><span>&#8211; bambini con autismo.<\/span><\/p>\n<p><span>La scuola coopera con altre istituzioni pre-scolastiche, scuole primarie e secondarie nella Regione Vukovar-Srijem per supportare loro con studenti con disabilit\u00e0 che sono integrati nel sistema tradizionale. Nella scuola lavorano esperti di vari profili, riabilitatori educativi, logopedisti, pedagoghi sociali, psicologi, insegnanti ed infermieri. In aggiunta al curriculum regolare e alle attivit\u00e0 extra-curriculari, la scuola organizza una serie di procedure per la riabilitazione (logopedia, kinesiterapia, integrazione sensoriale ecc.) e persegue attraverso progetti nazionali e internazionali di assicurare il continuo sviluppo professionale del suo staff, cos\u00ec come il miglioramento della qualit\u00e0 del lavoro con studenti con disabilit\u00e0 dello sviluppo. <\/span><\/p>\n<p><a href=\"http:\/\/www.os-jmatosa-vu.skole.hr\/\" target=\"_blank\" rel=\"noopener\"><span><i class=\"fas fa-link fa-2x picto_color\"><\/i><\/span><\/a><a href=\"https:\/\/www.facebook.com\/Osnovna-%C5%A1kola-Josipa-Mato%C5%A1a-Vukovar-377922229294646\/?ref=bookmarks\"><i class=\"fab fa-facebook fa-2x picto_color\" style=\"margin-left:10px;\"><br \/>\n<\/i><\/a>[\/et_pb_text][\/et_pb_column][et_pb_column type=&#8221;1_3&#8243; module_class=&#8221;centrer-verticalement&#8221; _builder_version=&#8221;4.16&#8243; _module_preset=&#8221;default&#8221; global_colors_info=&#8221;{}&#8221;][et_pb_image src=&#8221;https:\/\/tutodys.eu\/wp-content\/uploads\/2021\/03\/josipa-matosa-logo-removebg-preview.png&#8221; title_text=&#8221;josipa-matosa-logo-removebg-preview&#8221; align=&#8221;center&#8221; module_class=&#8221;centrer-verticalement&#8221; _builder_version=&#8221;4.16&#8243; _module_preset=&#8221;default&#8221; width=&#8221;200px&#8221; global_colors_info=&#8221;{}&#8221;][\/et_pb_image][\/et_pb_column][\/et_pb_row][\/et_pb_section]<\/p>\n","protected":false},"excerpt":{"rendered":"<p>I partnerTutodys \u00e8 stato sviluppato da un partenariato europeo all&#8217;interno dell&#8217;azione Erasmus + KA2 settore scuola, con il supporto di organizzazioni di cinque paesi diversi. Belgio \u2013 Bulgaria \u2013 Croazia \u2013 Francia \u2013 ItaliaEdulogDal 2009, EDULOG lavora con scuole superiori e associazioni educative per create strumenti informatici per comunicare, collaborare e condividere. Il nostro obiettivo [&hellip;]<\/p>\n","protected":false},"author":2,"featured_media":0,"parent":0,"menu_order":0,"comment_status":"closed","ping_status":"closed","template":"","meta":{"_et_pb_use_builder":"on","_et_pb_old_content":"","_et_gb_content_width":"","footnotes":""},"_links":{"self":[{"href":"https:\/\/tutodys.eu\/it\/wp-json\/wp\/v2\/pages\/579"}],"collection":[{"href":"https:\/\/tutodys.eu\/it\/wp-json\/wp\/v2\/pages"}],"about":[{"href":"https:\/\/tutodys.eu\/it\/wp-json\/wp\/v2\/types\/page"}],"author":[{"embeddable":true,"href":"https:\/\/tutodys.eu\/it\/wp-json\/wp\/v2\/users\/2"}],"replies":[{"embeddable":true,"href":"https:\/\/tutodys.eu\/it\/wp-json\/wp\/v2\/comments?post=579"}],"version-history":[{"count":18,"href":"https:\/\/tutodys.eu\/it\/wp-json\/wp\/v2\/pages\/579\/revisions"}],"predecessor-version":[{"id":1072,"href":"https:\/\/tutodys.eu\/it\/wp-json\/wp\/v2\/pages\/579\/revisions\/1072"}],"wp:attachment":[{"href":"https:\/\/tutodys.eu\/it\/wp-json\/wp\/v2\/media?parent=579"}],"curies":[{"name":"wp","href":"https:\/\/api.w.org\/{rel}","templated":true}]}}