{"id":499,"date":"2021-04-15T09:20:29","date_gmt":"2021-04-15T07:20:29","guid":{"rendered":"https:\/\/tutodys.eu\/il-progetto\/"},"modified":"2023-07-06T17:50:32","modified_gmt":"2023-07-06T15:50:32","slug":"il-progetto","status":"publish","type":"page","link":"https:\/\/tutodys.eu\/it\/il-progetto\/","title":{"rendered":"Il progetto"},"content":{"rendered":"<p>[et_pb_section fb_built=&#8221;1&#8243; _builder_version=&#8221;4.16&#8243; _module_preset=&#8221;default&#8221; background_color=&#8221;#F8FAFC&#8221; background_enable_image=&#8221;off&#8221; height=&#8221;611px&#8221; custom_padding=&#8221;||||false|false&#8221; global_colors_info=&#8221;{}&#8221;][et_pb_row column_structure=&#8221;1_2,1_2&#8243; _builder_version=&#8221;4.16&#8243; _module_preset=&#8221;default&#8221; global_colors_info=&#8221;{}&#8221;][et_pb_column type=&#8221;1_2&#8243; _builder_version=&#8221;4.16&#8243; _module_preset=&#8221;default&#8221; global_colors_info=&#8221;{}&#8221;][et_pb_image src=&#8221;https:\/\/tutodys.eu\/wp-content\/uploads\/2021\/03\/project-1.png&#8221; title_text=&#8221;Il progetto&#8221; _builder_version=&#8221;4.16&#8243; _module_preset=&#8221;default&#8221; global_colors_info=&#8221;{}&#8221;][\/et_pb_image][\/et_pb_column][et_pb_column type=&#8221;1_2&#8243; _builder_version=&#8221;4.16&#8243; _module_preset=&#8221;default&#8221; custom_padding=&#8221;10%||||false|false&#8221; global_colors_info=&#8221;{}&#8221;][et_pb_text _builder_version=&#8221;4.16&#8243; _module_preset=&#8221;default&#8221; header_text_color=&#8221;#000000&#8243; header_font_size=&#8221;48px&#8221; header_2_text_color=&#8221;#E95008&#8243; global_colors_info=&#8221;{}&#8221;]<\/p>\n<h2><strong>IL PROGETTO<\/strong><\/h2>\n<p>[\/et_pb_text][et_pb_text _builder_version=&#8221;4.16&#8243; _module_preset=&#8221;default&#8221; global_colors_info=&#8221;{}&#8221;]<\/p>\n<p><span>Creeremo pi\u00f9 di 2000 esercizi con spegazioni con gruppi di et\u00e0 compresi tra i 6-12 anni, e diverse difficolt\u00e0 tra i gruppi di et\u00e0. I contenuti saranno rilevanti per i programmi delle scuole primarie e secondarie di primo grado.<\/span><\/p>\n<p>[\/et_pb_text][\/et_pb_column][\/et_pb_row][\/et_pb_section][et_pb_section fb_built=&#8221;1&#8243; _builder_version=&#8221;4.16&#8243; _module_preset=&#8221;default&#8221; background_color=&#8221;#ffffff&#8221; global_colors_info=&#8221;{}&#8221;][et_pb_row column_structure=&#8221;1_2,1_2&#8243; _builder_version=&#8221;4.16&#8243; _module_preset=&#8221;default&#8221; global_colors_info=&#8221;{}&#8221;][et_pb_column type=&#8221;1_2&#8243; _builder_version=&#8221;4.16&#8243; _module_preset=&#8221;default&#8221; global_colors_info=&#8221;{}&#8221;][et_pb_image src=&#8221;https:\/\/tutodys.eu\/wp-content\/uploads\/2021\/03\/25.png&#8221; title_text=&#8221;25&#8243; _builder_version=&#8221;4.16&#8243; _module_preset=&#8221;default&#8221; width=&#8221;80%&#8221; module_alignment=&#8221;center&#8221; global_colors_info=&#8221;{}&#8221;][\/et_pb_image][\/et_pb_column][et_pb_column type=&#8221;1_2&#8243; _builder_version=&#8221;4.16&#8243; _module_preset=&#8221;default&#8221; global_colors_info=&#8221;{}&#8221;][et_pb_text _builder_version=&#8221;4.17.6&#8243; _module_preset=&#8221;default&#8221; header_text_color=&#8221;#000000&#8243; header_font_size=&#8221;48px&#8221; header_2_text_color=&#8221;#E95008&#8243; hover_enabled=&#8221;0&#8243; global_colors_info=&#8221;{}&#8221; sticky_enabled=&#8221;0&#8243;]<\/p>\n<h2><strong>OBIETTIVI<\/strong><\/h2>\n<p>[\/et_pb_text][et_pb_text _builder_version=&#8221;4.16&#8243; _module_preset=&#8221;default&#8221; global_colors_info=&#8221;{}&#8221;]<\/p>\n<p>Il progetto \u00e8 dedicato ai disturbi specifici dell&#8217;apprentimento (DSA), conosciuti come &#8220;Dis&#8221;, dislessia, disfasia, discalculia, disprassia.<\/p>\n<p>Non c&#8217;\u00e8 una stima esatta e affidabile del numero di persone con DSA in Europa, ma si ritiene che tali disturbi impattino pi\u00f9 o meno circa il 10% della popolazione. Ogni paese ha delle persone con DSA, e nessun paese \u00e8 sufficientemente equipaggiato per supportarli.<\/p>\n<p>Questi disturbi possono essere riconosciuti dall&#8217;et\u00e0 di circa 6 anni, quando il processo di acquisizione delle competenze di base di lettura, scrittura, matematica iniziano effettivamente a scuola. E&#8217; molto importante riconoscere e supportare precocemente gli studenti per evitare un accumulo di ritardi e la perdita di partecipazione, che potrebbe portare a rendimenti inferiori alla media e all&#8217;abbandono scolastico.<\/p>\n<p>[\/et_pb_text][\/et_pb_column][\/et_pb_row][\/et_pb_section][et_pb_section fb_built=&#8221;1&#8243; _builder_version=&#8221;4.16&#8243; _module_preset=&#8221;default&#8221; background_color=&#8221;#F8FAFC&#8221; global_colors_info=&#8221;{}&#8221;][et_pb_row column_structure=&#8221;1_2,1_2&#8243; _builder_version=&#8221;4.16&#8243; _module_preset=&#8221;default&#8221; global_colors_info=&#8221;{}&#8221;][et_pb_column type=&#8221;1_2&#8243; _builder_version=&#8221;4.16&#8243; _module_preset=&#8221;default&#8221; global_colors_info=&#8221;{}&#8221;][et_pb_text _builder_version=&#8221;4.16&#8243; _module_preset=&#8221;default&#8221; header_text_color=&#8221;#000000&#8243; header_font_size=&#8221;48px&#8221; header_2_text_color=&#8221;#E95008&#8243; global_colors_info=&#8221;{}&#8221;]<\/p>\n<div class=\"page\" title=\"Page 69\">\n<div class=\"section\">\n<div class=\"layoutArea\">\n<div class=\"column\">\n<div class=\"page\" title=\"Page 71\">\n<div class=\"section\">\n<div class=\"layoutArea\">\n<div class=\"column\">\n<h2><span><strong>IL PARTENARIATO<\/strong><br \/> <\/span><\/h2>\n<\/div>\n<\/div>\n<\/div>\n<\/div>\n<\/div>\n<\/div>\n<\/div>\n<\/div>\n<p>[\/et_pb_text][et_pb_text _builder_version=&#8221;4.16&#8243; _module_preset=&#8221;default&#8221; global_colors_info=&#8221;{}&#8221;]<\/p>\n<div class=\"page\" title=\"Page 68\">\n<div class=\"section\">\n<div class=\"layoutArea\">\n<div class=\"column\">\n<div class=\"page\" title=\"Page 71\">\n<div class=\"section\">\n<div class=\"layoutArea\">\n<div class=\"column\">\n<p><span>Il progetto coinvolge partner che rappresentano diversi gruppi del settore educativo ed hanno diverse prospettive nel supporto dei DSA. Le differenze nel partenaroato aiutano a sviluppare un pensiero fuori dagli schemi ed espandere le nostre competenze, esperienze e conoscenze.<br \/> <\/span><\/p>\n<\/div>\n<\/div>\n<\/div>\n<\/div>\n<\/div>\n<\/div>\n<\/div>\n<\/div>\n<p>[\/et_pb_text][\/et_pb_column][et_pb_column type=&#8221;1_2&#8243; _builder_version=&#8221;4.16&#8243; _module_preset=&#8221;default&#8221; global_colors_info=&#8221;{}&#8221;][et_pb_image src=&#8221;https:\/\/tutodys.eu\/wp-content\/uploads\/2021\/03\/17Z_2102.w013.n001.401A.p30.401-Converti.png&#8221; title_text=&#8221;17Z_2102.w013.n001.401A.p30.401 %91Converti%93&#8243; _builder_version=&#8221;4.16&#8243; _module_preset=&#8221;default&#8221; width=&#8221;80%&#8221; module_alignment=&#8221;center&#8221; global_colors_info=&#8221;{}&#8221;][\/et_pb_image][\/et_pb_column][\/et_pb_row][\/et_pb_section][et_pb_section fb_built=&#8221;1&#8243; _builder_version=&#8221;4.16&#8243; _module_preset=&#8221;default&#8221; background_color=&#8221;#ffffff&#8221; global_colors_info=&#8221;{}&#8221;][et_pb_row _builder_version=&#8221;4.16&#8243; _module_preset=&#8221;default&#8221; global_colors_info=&#8221;{}&#8221;][et_pb_column type=&#8221;4_4&#8243; _builder_version=&#8221;4.16&#8243; _module_preset=&#8221;default&#8221; global_colors_info=&#8221;{}&#8221;][et_pb_text _builder_version=&#8221;4.16&#8243; _module_preset=&#8221;default&#8221; header_text_color=&#8221;#000000&#8243; header_font_size=&#8221;48px&#8221; header_2_text_color=&#8221;#E95008&#8243; global_colors_info=&#8221;{}&#8221;]<\/p>\n<h2><strong>LE NOSTRE MISSIONI<\/strong><\/h2>\n<p>[\/et_pb_text][\/et_pb_column][\/et_pb_row][et_pb_row column_structure=&#8221;1_2,1_2&#8243; _builder_version=&#8221;4.16&#8243; _module_preset=&#8221;default&#8221; global_colors_info=&#8221;{}&#8221;][et_pb_column type=&#8221;1_2&#8243; _builder_version=&#8221;4.16&#8243; _module_preset=&#8221;default&#8221; background_color=&#8221;#E95008&#8243; custom_padding=&#8221;5%|5%|5%|5%|true|true&#8221; border_radii=&#8221;on|24px|24px|24px|24px&#8221; border_color_all=&#8221;#000000&#8243; box_shadow_style=&#8221;preset3&#8243; box_shadow_blur=&#8221;0px&#8221; box_shadow_color=&#8221;#e02b20&#8243; global_colors_info=&#8221;{}&#8221;][et_pb_text _builder_version=&#8221;4.16&#8243; _module_preset=&#8221;default&#8221; text_text_color=&#8221;#ffffff&#8221; header_2_text_color=&#8221;#ffffff&#8221; global_colors_info=&#8221;{}&#8221;]<\/p>\n<p class=\"p1\"><b>Per insegnanti, genitori e specialisti che si aspettano di:<\/b><\/p>\n<p>[\/et_pb_text][et_pb_text _builder_version=&#8221;4.16&#8243; _module_preset=&#8221;default&#8221; text_text_color=&#8221;#ffffff&#8221; global_colors_info=&#8221;{}&#8221;]<\/p>\n<ul>\n<li>\n<p class=\"p1\"><span>Fornire loro esercizi educativi efficienti, specifici e innovativi che rispondono ai bambini con DSA<\/span><\/p>\n<\/li>\n<li>\n<p class=\"p1\"><span>Migliora gli insegnanti<\/span><span class=\"aai\"><span> <\/span><\/span><span>pratica professionale e facile accesso a risorse adattate dal punto di vista pedagogico<\/span><\/p>\n<\/li>\n<li>\n<p class=\"p1\"><span>Facilitare il supporto individualizzato per studenti e migliorare la loro pratica professionale<\/span><\/p>\n<\/li>\n<li>\n<p class=\"p1\"><span>Aumentare la consapevolezza dei bisogni degli studenti con disturbi specifici dell&#8217;apprendimento<\/span><\/p>\n<\/li>\n<li>\n<p class=\"p1\"><span>Offrire uno strumento affidabile da usare online, in classe, o a casa, e favorire l&#8217;autonomia e l&#8217;indipendenza degli studenti<\/span><\/p>\n<\/li>\n<li>\n<p class=\"p1\">Supportare il riconoscimento dei DSA<\/p>\n<p class=\"p1\">\n<\/li>\n<\/ul>\n<p>[\/et_pb_text][\/et_pb_column][et_pb_column type=&#8221;1_2&#8243; _builder_version=&#8221;4.16&#8243; _module_preset=&#8221;default&#8221; background_color=&#8221;#0077C8&#8243; custom_padding=&#8221;12%|5%|12%|5%|true|true&#8221; border_radii=&#8221;on|24px|24px|24px|24px&#8221; box_shadow_style=&#8221;preset3&#8243; box_shadow_blur=&#8221;0px&#8221; box_shadow_color=&#8221;#0c71c3&#8243; global_colors_info=&#8221;{}&#8221;][et_pb_text _builder_version=&#8221;4.16&#8243; _module_preset=&#8221;default&#8221; text_text_color=&#8221;#ffffff&#8221; global_colors_info=&#8221;{}&#8221;]<\/p>\n<p class=\"p1\"><b>Per studenti con DSA, ci aspettiamo di:<\/b><\/p>\n<p>[\/et_pb_text][et_pb_text _builder_version=&#8221;4.16&#8243; _module_preset=&#8221;default&#8221; text_text_color=&#8221;#ffffff&#8221; global_colors_info=&#8221;{}&#8221;]<\/p>\n<ul>\n<li>\n<p class=\"p1\"><span>Supportarli con l&#8217;acquisizione delle competenze di base attraverso esercizi pedagogici innovativi inclusi giochi e meccanismi di premiazione<\/span><\/p>\n<\/li>\n<li>\n<p class=\"p1\"><span>Combattare l&#8217;abbandono scolastico attraverso una pedagogia basata su esercizi personalizzati, che incoraggi i progressi dello studente e migliori la sua autostima<\/span><\/p>\n<\/li>\n<li><span>Promuovere la loro autostima attraverso una migliore inclusione nel curriculum scolastico.<\/span><\/li>\n<\/ul>\n<p>[\/et_pb_text][\/et_pb_column][\/et_pb_row][\/et_pb_section]<\/p>\n","protected":false},"excerpt":{"rendered":"<p>IL PROGETTOCreeremo pi\u00f9 di 2000 esercizi con spegazioni con gruppi di et\u00e0 compresi tra i 6-12 anni, e diverse difficolt\u00e0 tra i gruppi di et\u00e0. I contenuti saranno rilevanti per i programmi delle scuole primarie e secondarie di primo grado.OBIETTIVIIl progetto \u00e8 dedicato ai disturbi specifici dell&#8217;apprentimento (DSA), conosciuti come &#8220;Dis&#8221;, dislessia, disfasia, discalculia, disprassia. [&hellip;]<\/p>\n","protected":false},"author":2,"featured_media":0,"parent":0,"menu_order":0,"comment_status":"closed","ping_status":"closed","template":"","meta":{"_et_pb_use_builder":"on","_et_pb_old_content":"","_et_gb_content_width":"","footnotes":""},"_links":{"self":[{"href":"https:\/\/tutodys.eu\/it\/wp-json\/wp\/v2\/pages\/499"}],"collection":[{"href":"https:\/\/tutodys.eu\/it\/wp-json\/wp\/v2\/pages"}],"about":[{"href":"https:\/\/tutodys.eu\/it\/wp-json\/wp\/v2\/types\/page"}],"author":[{"embeddable":true,"href":"https:\/\/tutodys.eu\/it\/wp-json\/wp\/v2\/users\/2"}],"replies":[{"embeddable":true,"href":"https:\/\/tutodys.eu\/it\/wp-json\/wp\/v2\/comments?post=499"}],"version-history":[{"count":17,"href":"https:\/\/tutodys.eu\/it\/wp-json\/wp\/v2\/pages\/499\/revisions"}],"predecessor-version":[{"id":1258,"href":"https:\/\/tutodys.eu\/it\/wp-json\/wp\/v2\/pages\/499\/revisions\/1258"}],"wp:attachment":[{"href":"https:\/\/tutodys.eu\/it\/wp-json\/wp\/v2\/media?parent=499"}],"curies":[{"name":"wp","href":"https:\/\/api.w.org\/{rel}","templated":true}]}}