{"id":1130,"date":"2023-06-16T12:04:49","date_gmt":"2023-06-16T10:04:49","guid":{"rendered":"https:\/\/tutodys.eu\/termini-e-condizioni\/"},"modified":"2023-06-16T12:04:50","modified_gmt":"2023-06-16T10:04:50","slug":"termini-e-condizioni","status":"publish","type":"page","link":"https:\/\/tutodys.eu\/it\/termini-e-condizioni\/","title":{"rendered":"Termini e condizioni"},"content":{"rendered":"<p>[et_pb_section fb_built=&#8221;1&#8243; _builder_version=&#8221;4.16&#8243; _module_preset=&#8221;default&#8221; background_color=&#8221;#F8FAFC&#8221; custom_margin=&#8221;||||false|false&#8221; custom_padding=&#8221;30px||30px||false|false&#8221; global_colors_info=&#8221;{}&#8221;][et_pb_row _builder_version=&#8221;4.16&#8243; _module_preset=&#8221;default&#8221; global_colors_info=&#8221;{}&#8221;][et_pb_column type=&#8221;4_4&#8243; _builder_version=&#8221;4.16&#8243; _module_preset=&#8221;default&#8221; global_colors_info=&#8221;{}&#8221;][et_pb_text _builder_version=&#8221;4.16&#8243; _module_preset=&#8221;default&#8221; header_text_color=&#8221;#e95009&#8243; global_colors_info=&#8221;{}&#8221;]<\/p>\n<h1 style=\"text-align: center; color: #e95008;\"><strong>Termini e condizioni<\/strong><\/h1>\n<p>[\/et_pb_text][et_pb_text _builder_version=&#8221;4.16&#8243; _module_preset=&#8221;default&#8221; width=&#8221;70%&#8221; module_alignment=&#8221;center&#8221; global_colors_info=&#8221;{}&#8221;]<\/p>\n<p style=\"text-align: center;\">Il progetto Tutodys \u00e8 stato sviluppato da un consorzio europeo nell&#8217;ambito di un progetto Erasmus+ KA2 per l&#8217;istruzione scolastica che coinvolge organizzazioni pubbliche e private di cinque paesi diversi.<br \/>Belgio &#8211; Bulgaria &#8211; Croazia &#8211; Francia &#8211; Italia<\/p>\n<p>[\/et_pb_text][\/et_pb_column][\/et_pb_row][\/et_pb_section][et_pb_section fb_built=&#8221;1&#8243; _builder_version=&#8221;4.16&#8243; _module_preset=&#8221;default&#8221; global_colors_info=&#8221;{}&#8221;][et_pb_row make_equal=&#8221;on&#8221; _builder_version=&#8221;4.16&#8243; _module_preset=&#8221;default&#8221; global_colors_info=&#8221;{}&#8221;][et_pb_column type=&#8221;4_4&#8243; _builder_version=&#8221;4.16&#8243; _module_preset=&#8221;default&#8221; global_colors_info=&#8221;{}&#8221;][et_pb_text _builder_version=&#8221;4.17.6&#8243; _module_preset=&#8221;default&#8221; global_colors_info=&#8221;{}&#8221;]<\/p>\n<h2>Website publication<\/h2>\n<p class=\"mb-5\">Pubblicazione del sito web<br \/>Il sito web www.tutodys.eu (di seguito &#8220;il sito web&#8221;) \u00e8 pubblicato dalla societ\u00e0 EDULOG, iscritta al Registro del Commercio e delle Imprese di Parigi con il numero 417617545, con sede legale in 9 rue Parrot &#8211; CS 72809 Paris Cedex 12 (numero di partita IVA UE: FR65417617545).<\/p>\n<p>Tutodys (2020-1-FR01-KA201-080571_20201022) \u00e8 un progetto Erasmus+ KA2 Sviluppo dell&#8217;innovazione creato da diversi partner europei. Il progetto \u00e8 finanziato con il sostegno della Commissione europea.<\/p>\n<p>Questa pubblicazione \u00e8 di esclusiva responsabilit\u00e0 dell&#8217;autore e la Commissione non \u00e8 responsabile delle informazioni in essa contenute.<br \/>EDULOG SAS \u00e8 responsabile della sua pubblicazione.<\/p>\n<h2>Creazione dei contenuti del sito web<\/h2>\n<p class=\"mb-5\">Direttore della pubblicazione e responsabile dei contenuti del sito web: Mathieu Latrubesse &#8211; EDULOG SAS<br \/>Progettazione e sviluppo della piattaforma: Edulog SAS<\/p>\n<h2>Hosting<\/h2>\n<p class=\"mb-5\">Il sito web \u00e8 ospitato da Aqua Ray SAS<br \/>14 rue Jules Vanzuppe 94200 IVRY-SUR-SEINE &#8211; FRANCIA<br \/>Tel : +33 820 290 108<br \/>SIRENE : RCS Cr\u00e9teil 447 997 099<\/h2>\n<h2>Cookies<\/h2>\n<p class=\"mb-5\">Il Sito pu\u00f2 raccogliere automaticamente informazioni standard, come dati personalizzati che consentono al Sito di identificare i suoi visitatori. Tutte le informazioni raccolte indirettamente saranno utilizzate esclusivamente per tracciare il volume, il tipo e la configurazione del traffico sul Sito, al fine di migliorarne il design e il layout, per altri scopi amministrativi e di pianificazione e, pi\u00f9 in generale, per migliorare il servizio offerto.<br \/>L&#8217;utente pu\u00f2 rifiutare l&#8217;uso dei cookie sul proprio dispositivo.<\/p>\n<h2>Diritti di propriet\u00e0 intellettuale<\/h2>\n<p class=\"mb-5\">Tutti i contenuti sono distribuiti con Licenza Creative Commons: Attribuzione &#8211; Non commerciale &#8211; Condividi allo stesso modo 4.0 Internazionale.<\/p>\n<p>Se non diversamente specificato, siete liberi di:<br \/>Condividere &#8211; copiare e ridistribuire il materiale in qualsiasi supporto o formato<br \/>Adattare &#8211; remixare, trasformare e costruire sul materiale.<br \/>Il licenziante non pu\u00f2 revocare queste libert\u00e0 se si rispettano i termini della licenza.<\/p>\n<p>Secondo i seguenti termini:<br \/>Attribuzione &#8211; \u00c8 necessario dare il giusto credito, fornire un link alla licenza e indicare se sono state apportate modifiche. Potete farlo in qualsiasi modo ragionevole, ma non in modo da suggerire che il licenziante approvi voi o il vostro uso.<br \/>Non commerciale &#8211; Non \u00e8 possibile utilizzare il materiale per scopi commerciali.<br \/>ShareAlike &#8211; Se si remixa, si trasforma o si costruisce sul materiale, \u00e8 necessario distribuire i propri contributi con la stessa licenza dell&#8217;originale.<\/p>\n<h2>Collegamenti ipertestuali<\/h2>\n<p class=\"mb-5\">Il Sito pu\u00f2 contenere collegamenti ipertestuali che conducono ad altri siti web, pubblicati e gestiti da terzi, non dall&#8217;Editore. L&#8217;Editore non potr\u00e0 essere ritenuto direttamente o indirettamente responsabile nel caso in cui questi siti web di terzi non rispettino le disposizioni di legge. I collegamenti ipertestuali al Sito web richiedono la preventiva autorizzazione scritta dell&#8217;Editore.<\/p>\n<h2>Informativa sulla privacy<\/h2>\n<p class=\"mb-5\">Edulog, coordinatore del progetto Tutodys, si impegna nei confronti dei propri utenti a soddisfare i requisiti del GDRP.<\/p>\n<p>I moduli del sito consentono di contattare EDULOG per qualsiasi domanda di carattere generale. La base giuridica \u00e8 l&#8217;articolo 6.1.a del RGPD (consenso). I destinatari dei dati sono il titolare del trattamento, in questo caso il servizio clienti EDULOG, responsabile delle risposte, il subappaltatore Aquaray che gestisce il server web, e qualsiasi persona legalmente autorizzata.<\/p>\n<p>Il server su cui \u00e8 ospitato il modulo di contatto \u00e8 ospitato da Aquaray, il che significa che i vostri dati non possono essere trasferiti al di fuori dell&#8217;UE in base alle severe norme del GDPR. Aquaray ha previsto clausole di protezione adeguate sul modello stabilito e approvato dalla Commissione Europea.<\/p>\n<p>La durata del trattamento dei dati \u00e8 limitata al tempo necessario per evadere la vostra richiesta, fermo restando che potete ritirare il vostro consenso e richiedere la cancellazione dei vostri dati in qualsiasi momento.<\/p>\n<p>Avete il diritto di chiedere al titolare del trattamento l&#8217;accesso ai vostri dati personali, la rettifica o la cancellazione degli stessi o la limitazione del trattamento dei dati relativi all&#8217;interessato, oppure di opporvi al trattamento e il diritto alla portabilit\u00e0 dei dati. La societ\u00e0 responsabile del trattamento \u00e8 EDULOG SAS, 9 rue Parrot &#8211; CS 72809 Parigi Cedex 12. L&#8217;utente ha inoltre il diritto di proporre reclamo a un&#8217;autorit\u00e0 di controllo.<\/p>\n<p>[\/et_pb_text][\/et_pb_column][\/et_pb_row][\/et_pb_section]<\/p>\n","protected":false},"excerpt":{"rendered":"<p>Termini e condizioniIl progetto Tutodys \u00e8 stato sviluppato da un consorzio europeo nell&#8217;ambito di un progetto Erasmus+ KA2 per l&#8217;istruzione scolastica che coinvolge organizzazioni pubbliche e private di cinque paesi diversi.Belgio &#8211; Bulgaria &#8211; Croazia &#8211; Francia &#8211; ItaliaWebsite publication Pubblicazione del sito webIl sito web www.tutodys.eu (di seguito &#8220;il sito web&#8221;) \u00e8 pubblicato dalla [&hellip;]<\/p>\n","protected":false},"author":4,"featured_media":0,"parent":0,"menu_order":0,"comment_status":"closed","ping_status":"closed","template":"","meta":{"_et_pb_use_builder":"on","_et_pb_old_content":"","_et_gb_content_width":"","footnotes":""},"_links":{"self":[{"href":"https:\/\/tutodys.eu\/it\/wp-json\/wp\/v2\/pages\/1130"}],"collection":[{"href":"https:\/\/tutodys.eu\/it\/wp-json\/wp\/v2\/pages"}],"about":[{"href":"https:\/\/tutodys.eu\/it\/wp-json\/wp\/v2\/types\/page"}],"author":[{"embeddable":true,"href":"https:\/\/tutodys.eu\/it\/wp-json\/wp\/v2\/users\/4"}],"replies":[{"embeddable":true,"href":"https:\/\/tutodys.eu\/it\/wp-json\/wp\/v2\/comments?post=1130"}],"version-history":[{"count":2,"href":"https:\/\/tutodys.eu\/it\/wp-json\/wp\/v2\/pages\/1130\/revisions"}],"predecessor-version":[{"id":1132,"href":"https:\/\/tutodys.eu\/it\/wp-json\/wp\/v2\/pages\/1130\/revisions\/1132"}],"wp:attachment":[{"href":"https:\/\/tutodys.eu\/it\/wp-json\/wp\/v2\/media?parent=1130"}],"curies":[{"name":"wp","href":"https:\/\/api.w.org\/{rel}","templated":true}]}}