{"id":480,"date":"2021-04-14T17:16:20","date_gmt":"2021-04-14T15:16:20","guid":{"rendered":"https:\/\/tutodys.eu\/pretplatite-se\/"},"modified":"2021-04-19T11:32:49","modified_gmt":"2021-04-19T09:32:49","slug":"pretplatite-se","status":"publish","type":"page","link":"https:\/\/tutodys.eu\/hr\/pretplatite-se\/","title":{"rendered":"Pretplatite se"},"content":{"rendered":"<p>[et_pb_section fb_built=&#8221;1&#8243; _builder_version=&#8221;4.6.6&#8243; _module_preset=&#8221;default&#8221; background_color=&#8221;#F8FAFC&#8221; custom_margin=&#8221;||||false|false&#8221; custom_padding=&#8221;30px||30px||false|false&#8221; locked=&#8221;off&#8221;][et_pb_row _builder_version=&#8221;4.6.6&#8243; _module_preset=&#8221;default&#8221;][et_pb_column type=&#8221;4_4&#8243; _builder_version=&#8221;4.6.6&#8243; _module_preset=&#8221;default&#8221;][et_pb_text _builder_version=&#8221;4.6.6&#8243; _module_preset=&#8221;default&#8221; header_text_color=&#8221;#e95009&#8243;]<\/p>\n<h1 style=\"text-align: center; color: #e95008;\"><strong>PRIDRU\u017dI NAM SE<\/strong><\/h1>\n<p>[\/et_pb_text][et_pb_text _builder_version=&#8221;4.6.6&#8243; _module_preset=&#8221;default&#8221; text_orientation=&#8221;center&#8221;]<\/p>\n<p>U\u010ditelji, u\u010ditelji, stru\u010dnjaci? \u017delite li se uklju\u010diti i testirati na\u0161e resurse?<br \/> \u017deljeli biste biti uklju\u010deni i testirati na\u0161e resurse?<\/p>\n<p>[\/et_pb_text][\/et_pb_column][\/et_pb_row][\/et_pb_section][et_pb_section fb_built=&#8221;1&#8243; _builder_version=&#8221;4.9.4&#8243; _module_preset=&#8221;default&#8221; custom_padding=&#8221;30px||30px||false|false&#8221; hover_enabled=&#8221;0&#8243; sticky_enabled=&#8221;0&#8243;][et_pb_row _builder_version=&#8221;4.9.4&#8243; _module_preset=&#8221;default&#8221; custom_padding=&#8221;0px||0px||false|false&#8221; hover_enabled=&#8221;0&#8243; custom_margin=&#8221;0px||0px||false|false&#8221; sticky_enabled=&#8221;0&#8243;][et_pb_column type=&#8221;4_4&#8243; _builder_version=&#8221;4.6.6&#8243; _module_preset=&#8221;default&#8221;][et_pb_text _builder_version=&#8221;4.9.4&#8243; _module_preset=&#8221;default&#8221; custom_margin=&#8221;0px||0px||false|false&#8221; custom_padding=&#8221;0px||0px||false|false&#8221;]<\/p>\n<div class=\"forminator-ui forminator-custom-form forminator-custom-form-670 forminator-design--material  forminator_ajax\" data-forminator-render=\"0\" data-form=\"forminator-module-670\" data-uid=\"69d9a1bf28e92\"><br\/><\/div><form\n\t\t\t\tid=\"forminator-module-670\"\n\t\t\t\tclass=\"forminator-ui forminator-custom-form forminator-custom-form-670 forminator-design--material  forminator_ajax\"\n\t\t\t\tmethod=\"post\"\n\t\t\t\tdata-forminator-render=\"0\"\n\t\t\t\tdata-form-id=\"670\"\n\t\t\t\t\n\t\t\t\tdata-design=\"material\"\n\t\t\t\t\n\t\t\t\t\n\t\t\t\t\n\t\t\t\tdata-grid=\"open\"\n\t\t\t\t\n\t\t\t\t\n\t\t\t\tstyle=\"display: none;\"\n\t\t\t\t\n\t\t\t\tdata-uid=\"69d9a1bf28e92\"\n\t\t\t><div role=\"alert\" aria-live=\"polite\" class=\"forminator-response-message forminator-error\" aria-hidden=\"true\"><\/div><div class=\"forminator-row\"><div id=\"name-1\" class=\"forminator-col forminator-col-12 \"><div class=\"forminator-field\"><label for=\"forminator-field-name-1_69d9a1bf28e92\" class=\"forminator-label\" id=\"forminator-field-name-1_69d9a1bf28e92-label\">Ime <span class=\"forminator-required\">*<\/span><\/label><input type=\"text\" name=\"name-1\" value=\"\" placeholder=\"\" id=\"forminator-field-name-1_69d9a1bf28e92\" class=\"forminator-input forminator-name--field\" aria-required=\"true\" \/><\/div><\/div><\/div><div class=\"forminator-row\"><div id=\"email-1\" class=\"forminator-col forminator-col-12 \"><div class=\"forminator-field\"><label for=\"forminator-field-email-1_69d9a1bf28e92\" class=\"forminator-label\" id=\"forminator-field-email-1_69d9a1bf28e92-label\">E-mail \u0430\u0434\u0440\u0435\u0441 <span class=\"forminator-required\">*<\/span><\/label><input type=\"email\" name=\"email-1\" value=\"\" placeholder=\"\" id=\"forminator-field-email-1_69d9a1bf28e92\" class=\"forminator-input forminator-email--field\" data-required=\"true\" aria-required=\"true\" \/><\/div><\/div><\/div><div class=\"forminator-row\"><div id=\"checkbox-1\" class=\"forminator-col forminator-col-12 \"><div role=\"group\" class=\"forminator-field\" aria-labelledby=\"forminator-checkbox-group-69d9a1bf28e92-label\"><h4 id=\"forminator-checkbox-group-69d9a1bf28e92-label\" class=\"forminator-label\">Authorisation<\/h4><label id=\"forminator-field-checkbox-1-1-69d9a1bf28e92-label\" for=\"forminator-field-checkbox-1-1-69d9a1bf28e92\" class=\"forminator-checkbox\" title=\"Ovla\u0161\u0107ujem Tutodys da me kontaktira kako bi sudjelovao u projektu ili testirao njegove resurse. Moji \u0107e se podaci koristiti samo u tu svrhu.\"><input type=\"checkbox\" name=\"checkbox-1[]\" value=\"ovlaujem-tutodys-da-me-kontaktira-kako-bi-sudjelovao-u-projektu-ili-testirao-njegove-resurse-moji-e-se-podaci-koristiti-samo-u-tu-svrhu\" id=\"forminator-field-checkbox-1-1-69d9a1bf28e92\" aria-labelledby=\"forminator-field-checkbox-1-1-69d9a1bf28e92-label\" data-calculation=\"0\"   aria-describedby=\"forminator-field-checkbox-1-69d9a1bf28e92-description\"\/><span class=\"forminator-checkbox-box\" aria-hidden=\"true\"><\/span><span class=\"forminator-checkbox-label\">Ovla\u0161\u0107ujem Tutodys da me kontaktira kako bi sudjelovao u projektu ili testirao njegove resurse. Moji \u0107e se podaci koristiti samo u tu svrhu.<\/span><\/label><\/div><\/div><\/div><input type=\"hidden\" name=\"referer_url\" value=\"\" \/><div class=\"forminator-row forminator-row-last\"><div class=\"forminator-col\"><div class=\"forminator-field\"><button class=\"forminator-button forminator-button-submit\"><span>Poslati<\/span><span aria-hidden=\"true\"><\/span><\/button><\/div><\/div><\/div><input type=\"hidden\" id=\"forminator_nonce\" name=\"forminator_nonce\" value=\"199fbf069b\" \/><input type=\"hidden\" name=\"_wp_http_referer\" value=\"\/hr\/wp-json\/wp\/v2\/pages\/480\" \/><input type=\"hidden\" name=\"form_id\" value=\"670\"><input type=\"hidden\" name=\"page_id\" value=\"480\"><input type=\"hidden\" name=\"form_type\" value=\"default\"><input type=\"hidden\" name=\"current_url\" value=\"https:\/\/tutodys.eu\/hr\/pretplatite-se\/\"><input type=\"hidden\" name=\"render_id\" value=\"0\"><input type=\"hidden\" name=\"action\" value=\"forminator_submit_form_custom-forms\"><\/form>\n<p>[\/et_pb_text][\/et_pb_column][\/et_pb_row][\/et_pb_section]<\/p>\n","protected":false},"excerpt":{"rendered":"<p>PRIDRU\u017dI NAM SEU\u010ditelji, u\u010ditelji, stru\u010dnjaci? \u017delite li se uklju\u010diti i testirati na\u0161e resurse? \u017deljeli biste biti uklju\u010deni i testirati na\u0161e resurse?<div class=\"forminator-ui forminator-custom-form forminator-custom-form-670 forminator-design--material  forminator_ajax\" data-forminator-render=\"1\" data-form=\"forminator-module-670\" data-uid=\"69d9a1bf399d3\"><br\/><\/div><form\n\t\t\t\tid=\"forminator-module-670\"\n\t\t\t\tclass=\"forminator-ui forminator-custom-form forminator-custom-form-670 forminator-design--material  forminator_ajax\"\n\t\t\t\tmethod=\"post\"\n\t\t\t\tdata-forminator-render=\"1\"\n\t\t\t\tdata-form-id=\"670\"\n\t\t\t\t\n\t\t\t\tdata-design=\"material\"\n\t\t\t\t\n\t\t\t\t\n\t\t\t\t\n\t\t\t\tdata-grid=\"open\"\n\t\t\t\t\n\t\t\t\t\n\t\t\t\tstyle=\"display: none;\"\n\t\t\t\t\n\t\t\t\tdata-uid=\"69d9a1bf399d3\"\n\t\t\t><div role=\"alert\" aria-live=\"polite\" class=\"forminator-response-message forminator-error\" aria-hidden=\"true\"><\/div><div class=\"forminator-row\"><div id=\"name-1\" class=\"forminator-col forminator-col-12 \"><div class=\"forminator-field\"><label for=\"forminator-field-name-1_69d9a1bf399d3\" class=\"forminator-label\" id=\"forminator-field-name-1_69d9a1bf399d3-label\">Ime <span class=\"forminator-required\">*<\/span><\/label><input type=\"text\" name=\"name-1\" value=\"\" placeholder=\"\" id=\"forminator-field-name-1_69d9a1bf399d3\" class=\"forminator-input forminator-name--field\" aria-required=\"true\" \/><\/div><\/div><\/div><div class=\"forminator-row\"><div id=\"email-1\" class=\"forminator-col forminator-col-12 \"><div class=\"forminator-field\"><label for=\"forminator-field-email-1_69d9a1bf399d3\" class=\"forminator-label\" id=\"forminator-field-email-1_69d9a1bf399d3-label\">E-mail \u0430\u0434\u0440\u0435\u0441 <span class=\"forminator-required\">*<\/span><\/label><input type=\"email\" name=\"email-1\" value=\"\" placeholder=\"\" id=\"forminator-field-email-1_69d9a1bf399d3\" class=\"forminator-input forminator-email--field\" data-required=\"true\" aria-required=\"true\" \/><\/div><\/div><\/div><div class=\"forminator-row\"><div id=\"checkbox-1\" class=\"forminator-col forminator-col-12 \"><div role=\"group\" class=\"forminator-field\" aria-labelledby=\"forminator-checkbox-group-69d9a1bf399d3-label\"><h4 id=\"forminator-checkbox-group-69d9a1bf399d3-label\" class=\"forminator-label\">Authorisation<\/h4><label id=\"forminator-field-checkbox-1-1-69d9a1bf399d3-label\" for=\"forminator-field-checkbox-1-1-69d9a1bf399d3\" class=\"forminator-checkbox\" title=\"Ovla\u0161\u0107ujem Tutodys da me kontaktira kako bi sudjelovao u projektu ili testirao njegove resurse. Moji \u0107e se podaci koristiti samo u tu svrhu.\"><input type=\"checkbox\" name=\"checkbox-1[]\" value=\"ovlaujem-tutodys-da-me-kontaktira-kako-bi-sudjelovao-u-projektu-ili-testirao-njegove-resurse-moji-e-se-podaci-koristiti-samo-u-tu-svrhu\" id=\"forminator-field-checkbox-1-1-69d9a1bf399d3\" aria-labelledby=\"forminator-field-checkbox-1-1-69d9a1bf399d3-label\" data-calculation=\"0\"   aria-describedby=\"forminator-field-checkbox-1-69d9a1bf399d3-description\"\/><span class=\"forminator-checkbox-box\" aria-hidden=\"true\"><\/span><span class=\"forminator-checkbox-label\">Ovla\u0161\u0107ujem Tutodys da me kontaktira kako bi sudjelovao u projektu ili testirao njegove resurse. Moji \u0107e se podaci koristiti samo u tu svrhu.<\/span><\/label><\/div><\/div><\/div><input type=\"hidden\" name=\"referer_url\" value=\"\" \/><div class=\"forminator-row forminator-row-last\"><div class=\"forminator-col\"><div class=\"forminator-field\"><button class=\"forminator-button forminator-button-submit\"><span>Poslati<\/span><span aria-hidden=\"true\"><\/span><\/button><\/div><\/div><\/div><input type=\"hidden\" id=\"forminator_nonce\" name=\"forminator_nonce\" value=\"199fbf069b\" \/><input type=\"hidden\" name=\"_wp_http_referer\" value=\"\/hr\/wp-json\/wp\/v2\/pages\/480\" \/><input type=\"hidden\" name=\"form_id\" value=\"670\"><input type=\"hidden\" name=\"page_id\" value=\"480\"><input type=\"hidden\" name=\"form_type\" value=\"default\"><input type=\"hidden\" name=\"current_url\" value=\"https:\/\/tutodys.eu\/hr\/pretplatite-se\/\"><input type=\"hidden\" name=\"render_id\" value=\"1\"><input type=\"hidden\" name=\"action\" value=\"forminator_submit_form_custom-forms\"><\/form><\/p>\n","protected":false},"author":2,"featured_media":0,"parent":0,"menu_order":0,"comment_status":"closed","ping_status":"closed","template":"","meta":{"_et_pb_use_builder":"on","_et_pb_old_content":"","_et_gb_content_width":"","footnotes":""},"_links":{"self":[{"href":"https:\/\/tutodys.eu\/hr\/wp-json\/wp\/v2\/pages\/480"}],"collection":[{"href":"https:\/\/tutodys.eu\/hr\/wp-json\/wp\/v2\/pages"}],"about":[{"href":"https:\/\/tutodys.eu\/hr\/wp-json\/wp\/v2\/types\/page"}],"author":[{"embeddable":true,"href":"https:\/\/tutodys.eu\/hr\/wp-json\/wp\/v2\/users\/2"}],"replies":[{"embeddable":true,"href":"https:\/\/tutodys.eu\/hr\/wp-json\/wp\/v2\/comments?post=480"}],"version-history":[{"count":7,"href":"https:\/\/tutodys.eu\/hr\/wp-json\/wp\/v2\/pages\/480\/revisions"}],"predecessor-version":[{"id":672,"href":"https:\/\/tutodys.eu\/hr\/wp-json\/wp\/v2\/pages\/480\/revisions\/672"}],"wp:attachment":[{"href":"https:\/\/tutodys.eu\/hr\/wp-json\/wp\/v2\/media?parent=480"}],"curies":[{"name":"wp","href":"https:\/\/api.w.org\/{rel}","templated":true}]}}