{"id":471,"date":"2021-04-14T17:05:22","date_gmt":"2021-04-14T15:05:22","guid":{"rendered":"https:\/\/tutodys.eu\/partneri\/"},"modified":"2023-06-16T11:25:36","modified_gmt":"2023-06-16T09:25:36","slug":"partneri","status":"publish","type":"page","link":"https:\/\/tutodys.eu\/hr\/partneri\/","title":{"rendered":"Partneri"},"content":{"rendered":"<p>[et_pb_section fb_built=&#8221;1&#8243; _builder_version=&#8221;4.16&#8243; _module_preset=&#8221;default&#8221; background_color=&#8221;#F8FAFC&#8221; custom_margin=&#8221;||||false|false&#8221; custom_padding=&#8221;30px||30px||false|false&#8221; global_colors_info=&#8221;{}&#8221;][et_pb_row _builder_version=&#8221;4.16&#8243; _module_preset=&#8221;default&#8221; global_colors_info=&#8221;{}&#8221;][et_pb_column type=&#8221;4_4&#8243; _builder_version=&#8221;4.16&#8243; _module_preset=&#8221;default&#8221; global_colors_info=&#8221;{}&#8221;][et_pb_text _builder_version=&#8221;4.16&#8243; _module_preset=&#8221;default&#8221; header_text_color=&#8221;#e95009&#8243; global_colors_info=&#8221;{}&#8221;]<\/p>\n<h1 style=\"text-align: center; color: #e95008;\"><strong>Partneri<\/strong><\/h1>\n<p>[\/et_pb_text][et_pb_text _builder_version=&#8221;4.16&#8243; _module_preset=&#8221;default&#8221; width=&#8221;70%&#8221; module_alignment=&#8221;center&#8221; global_colors_info=&#8221;{}&#8221;]<\/p>\n<p style=\"text-align: center;\">Projekt Tutodys razvio je europski konzorcij u okviru projekta Erasmus + KA2 za obrazovanje odraslih koji uklju\u010duje javne i privatne organizacije iz pet razli\u010ditih zemalja. <br \/>Belgija &#8211; Bugarska &#8211; Hrvatska &#8211; Francuska &#8211; Italija<\/p>\n<p>[\/et_pb_text][\/et_pb_column][\/et_pb_row][\/et_pb_section][et_pb_section fb_built=&#8221;1&#8243; _builder_version=&#8221;4.16&#8243; _module_preset=&#8221;default&#8221; global_colors_info=&#8221;{}&#8221;][et_pb_row column_structure=&#8221;2_3,1_3&#8243; make_equal=&#8221;on&#8221; _builder_version=&#8221;4.16&#8243; _module_preset=&#8221;default&#8221; global_colors_info=&#8221;{}&#8221;][et_pb_column type=&#8221;2_3&#8243; _builder_version=&#8221;4.16&#8243; _module_preset=&#8221;default&#8221; global_colors_info=&#8221;{}&#8221;][et_pb_text module_id=&#8221;edulog-partner&#8221; _builder_version=&#8221;4.16&#8243; _module_preset=&#8221;default&#8221; global_colors_info=&#8221;{}&#8221;]<\/p>\n<h2><strong>Edulog<\/strong><\/h2>\n<p>[\/et_pb_text][et_pb_text _builder_version=&#8221;4.16&#8243; _module_preset=&#8221;default&#8221; global_colors_info=&#8221;{}&#8221;]<\/p>\n<p><span>EDULOG Od 2009. EDULOG sura\u0111uje sa srednjim \u0161kolama i obrazovnim udrugama na stvaranju internetskih alata za komunikaciju, suradnju i dijeljenje. Cilj nam je oja\u010dati odnos izme\u0111u u\u010denika i njihovih u\u010ditelja.<\/span><\/p>\n<p><span>EDULOG nudi 4 razli\u010dita proizvoda:<\/span><br \/><span>&#8211; IAL je suradni\u010dka platforma koju koriste \u0161kole i udruge. Uz prijavu i lozinku u\u010denici i nastavnici mogu pristupiti velikom izboru resursa, knjiga i pedago\u0161kih sadr\u017eaja. U\u010denici mogu raditi zajedno i dijeliti svoje uratke. IAL je tako\u0111er paket alata web usluga koje srednje \u0161kole koriste za upravljanje radom u\u010denika i njihovim obrazovanjem: prijepisi, upravljanje doma\u0107im zada\u0107ama, planiranje, pomo\u0107 &#8230; IAL je povezan s drugim uslugama po principu jedinstvene prijave.<\/span><br \/><span>&#8211; &#8220;CahierDeTextesEnLigne&#8221; cjelovito je rje\u0161enje za u\u010ditelje koji \u017eele podijeliti planiranje i doma\u0107u zada\u0107u sa svojim u\u010denicima. Ovaj je alat besplatan za pojedine nastavnike: koristi se \u0161irom svijeta, u frankofonskim zemljama ili u francuskim institucijama<\/span><br \/><span>&#8211; &#8220;EDULOG Secr\u00e9tariat et Facturation&#8221; cjelovit je programski paket posve\u0107en fakturiranju u \u0161kolama.<\/span><br \/><span>&#8211; I, kona\u010dno, 123Web je sustav za upravljanje sadr\u017eajem koji smo razvili posebno za \u0161kole i udruge. Vrlo jednostavan za upotrebu, 123Web omogu\u0107uje nastavnicima upotrebu web stranice u pedago\u0161kom kontekstu.<\/span><\/p>\n<p><span>EDULOG tako\u0111er stvara zajedni\u010dka web rje\u0161enja dizajnirana za obrazovne ustanove ili udruge na temelju specifikacija ili posebnih zahtjeva. Kona\u010dno, od 2016. EDULOG sudjeluje u ERASMUS + obrazovnim inovacijskim projektima, posebno za podr\u0161ku studentima sa specifi\u010dnim te\u0161ko\u0107ama u u\u010denju (DYS poreme\u0107aji).<\/span><\/p>\n<p>[\/et_pb_text][\/et_pb_column][et_pb_column type=&#8221;1_3&#8243; module_class=&#8221;centrer-verticalement&#8221; _builder_version=&#8221;4.16&#8243; _module_preset=&#8221;default&#8221; global_colors_info=&#8221;{}&#8221;][et_pb_image src=&#8221;https:\/\/tutodys.eu\/wp-content\/uploads\/2021\/03\/logo.svg&#8221; title_text=&#8221;Edulog&#8221; url=&#8221;https:\/\/www.edulog.fr\/&#8221; align=&#8221;center&#8221; module_class=&#8221;centrer-verticalement&#8221; _builder_version=&#8221;4.16&#8243; _module_preset=&#8221;default&#8221; width=&#8221;200px&#8221; global_colors_info=&#8221;{}&#8221;][\/et_pb_image][\/et_pb_column][\/et_pb_row][et_pb_row column_structure=&#8221;2_3,1_3&#8243; make_equal=&#8221;on&#8221; _builder_version=&#8221;4.16&#8243; _module_preset=&#8221;default&#8221; global_colors_info=&#8221;{}&#8221;][et_pb_column type=&#8221;2_3&#8243; _builder_version=&#8221;4.16&#8243; _module_preset=&#8221;default&#8221; global_colors_info=&#8221;{}&#8221;][et_pb_text module_id=&#8221;logopsycom-partner&#8221; _builder_version=&#8221;4.16&#8243; _module_preset=&#8221;default&#8221; min_height=&#8221;27px&#8221; global_colors_info=&#8221;{}&#8221;]<\/p>\n<h2><strong>Logopsycom<\/strong><\/h2>\n<p>[\/et_pb_text][et_pb_text _builder_version=&#8221;4.16&#8243; _module_preset=&#8221;default&#8221; global_colors_info=&#8221;{}&#8221;]<span>Logopsycom je obrazovni inovacijski centar koji stvara i koristi alternativne metode ili alate (digitalne ili nedigitalne) koji prate \u0161kole, strukovne centre, obrazovne organizacije, mlade i roditelje. U po\u010detku je stvorena kao tvrtka za podr\u0161ku, specijalizirana za poreme\u0107aje u\u010denja me\u0111u mladima, posebno tzv. \u201edis\u201c poreme\u0107aje (dispraksija, disfazija, disleksija, itd.), koji se jo\u0161 nazivaju i specifi\u010dni poreme\u0107aji u\u010denja (Specific Learning Disorders) i stoga uvijek radimo na dostupnosti sadr\u017eaja .<\/span><br \/>\n<span><i class=\"fas fa-map-marker-alt\" style=\"  color:grey\"><\/i> 20, chemin de la Valli\u00e8re 7000 Mons<\/span><\/p>\n<p><a href=\"https:\/\/www.logopsycom.com\/\" target=\"_blank\" rel=\"noopener\"><span><i class=\"fas fa-link fa-2x picto_color\"><\/i><\/span><\/a><a href=\"mailto:info@logopsycom.com\"><span><i class=\"fas fa-envelope fa-2x picto_color\" style=\"  margin-left: 10px;\"><\/i>  <\/span><\/a><a href=\"https:\/\/twitter.com\/logopsycom\"><i class=\"fab fa-twitter fa-2x picto_color\" style=\"margin-left: 10px;\"><\/i><\/a><a href=\"https:\/\/www.facebook.com\/Logopsycom\/\"><i class=\"fab fa-facebook fa-2x picto_color\" style=\"margin-left:10px;\"><br \/>\n<\/i><\/a><a href=\"https:\/\/www.instagram.com\/logopsycom\/\"><i class=\"fab fa-instagram fa-2x picto_color\" style=\"margin-left:10px;\"><\/i><\/a>[\/et_pb_text][\/et_pb_column][et_pb_column type=&#8221;1_3&#8243; module_class=&#8221;centrer-verticalement&#8221; _builder_version=&#8221;4.16&#8243; _module_preset=&#8221;default&#8221; global_colors_info=&#8221;{}&#8221;][et_pb_image src=&#8221;https:\/\/tutodys.eu\/wp-content\/uploads\/2021\/03\/logopsycom-removebg-preview.png&#8221; title_text=&#8221;logopsycom-removebg-preview&#8221; url=&#8221;https:\/\/logopsycom.com\/fr\/accueil\/&#8221; align=&#8221;center&#8221; module_class=&#8221;centrer-verticalement&#8221; _builder_version=&#8221;4.16&#8243; _module_preset=&#8221;default&#8221; width=&#8221;220px&#8221; global_colors_info=&#8221;{}&#8221;][\/et_pb_image][\/et_pb_column][\/et_pb_row][et_pb_row column_structure=&#8221;2_3,1_3&#8243; make_equal=&#8221;on&#8221; _builder_version=&#8221;4.16&#8243; _module_preset=&#8221;default&#8221; global_colors_info=&#8221;{}&#8221;][et_pb_column type=&#8221;2_3&#8243; _builder_version=&#8221;4.16&#8243; _module_preset=&#8221;default&#8221; global_colors_info=&#8221;{}&#8221;][et_pb_text module_id=&#8221;lesapprimeurs-partner&#8221; _builder_version=&#8221;4.16&#8243; _module_preset=&#8221;default&#8221; global_colors_info=&#8221;{}&#8221;]<\/p>\n<h2><strong>Les Apprimeurs<\/strong><\/h2>\n<p>[\/et_pb_text][et_pb_text _builder_version=&#8221;4.16&#8243; _module_preset=&#8221;default&#8221; global_colors_info=&#8221;{}&#8221;]<\/p>\n<p>Osnovana 2013. godine, Les Apprimeurs je izdava\u010dka ku\u0107a i digitalna agencija posve\u0107ena pra\u0107enju profesionalaca u kulturnom i obrazovnom sektoru za digitalno stvaranje i \u0161irenje njihovih sadr\u017eaja. Na\u0161 tim specijaliziran za format EPUB 3 zami\u0161lja rje\u0161enja po mjeri kako bi odgovorila novim o\u010dekivanjima korisnika u pogledu pristupa\u010dnosti, \u0161irenja i interaktivnosti.<br \/>\nNa\u0161a se aktivnost temelji na \u010detiri osi:<\/p>\n<p>&#8211; Stvaranje oboga\u0107enih i pristupa\u010dnih digitalnih produkcija (e-knjiga) koje su nagra\u0111ene nekoliko nagrada, pod izdava\u010dkom markom L\u2019Apprimerie. Tako\u0111er redovito sura\u0111ujemo sa profesionalcima i organizacijama iz razli\u010ditih sektora: obrazovnih, kulturnih i audiovizualnih institucija.<br \/>\n&#8211; Izdanje ilustriranih knjiga. Sura\u0111ujemo s autorima i ilustratorima te ih pratimo u stvaranju i izradi knjiga za djecu. U umjetni\u010dkim \u0161kolama organiziramo radionice o novim narativnim procesima kombiniraju\u0107i tradicionalne i digitalne medije. Sura\u0111ujemo s knji\u017enicama i u\u010diteljima na promicanju stvaranja knjiga kao kreativnog projekta koji okuplja razred ili pojedince iz razli\u010ditih sredina.<br \/>\n&#8211; Razvoj inovativnih obrazovnih i digitalnih alata za olak\u0161avanje pristupa pisanim sadr\u017eajima. Digitalno objavljivanje smatramo uslugom za \u010ditatelje i istinskom prilikom da olak\u0161amo pristup \u010ditanju i pobolj\u0161amo iskustvo \u010ditanja. Pristupa\u010dnost i inkluzivno objavljivanje temelj su na\u0161eg pristupa.<br \/>\n&#8211; Obuka profesionalaca i studenata iz izdava\u010dke, audiovizualne, umjetni\u010dke, dizajnerske, obrazovne djelatnosti, spremnih da a\u017euriraju svoje digitalne vje\u0161tine i ovladaju novim na\u010dinima proizvodnje digitalnih sadr\u017eaja.<\/p>\n<p><a href=\"https:\/\/lesapprimeurs.com\/\"><i class=\"fas fa-link fa-2x picto_color\"><\/i><\/a><a href=\"https:\/\/www.facebook.com\/lesapprimeurs\/\"><i class=\"fab fa-facebook fa-2x picto_color\" style=\"margin-left: 10px;\"><\/i><\/a><a href=\"https:\/\/www.instagram.com\/lesapprimeurs\/\"><i class=\"fab fa-instagram fa-2x picto_color\" style=\"margin-left: 10px;\"><\/i><\/a><a href=\"https:\/\/twitter.com\/apprimeurs\"><i class=\"fab fa-twitter fa-2x picto_color\" style=\"margin-left: 10px;\"><\/i><\/a>\n<\/p>\n<p>[\/et_pb_text][\/et_pb_column][et_pb_column type=&#8221;1_3&#8243; module_class=&#8221;centrer-verticalement&#8221; _builder_version=&#8221;4.16&#8243; _module_preset=&#8221;default&#8221; global_colors_info=&#8221;{}&#8221;][et_pb_image src=&#8221;https:\/\/tutodys.eu\/wp-content\/uploads\/2023\/06\/les-apprimeurs-2.png&#8221; alt=&#8221;Les Apprimeurs&#8221; title_text=&#8221;Les Apprimeurs&#8221; url=&#8221;http:\/\/lesapprimeurs.com\/&#8221; align=&#8221;center&#8221; module_class=&#8221;centrer-verticalement&#8221; _builder_version=&#8221;4.17.6&#8243; _module_preset=&#8221;default&#8221; width=&#8221;240px&#8221; hover_enabled=&#8221;0&#8243; global_colors_info=&#8221;{}&#8221; sticky_enabled=&#8221;0&#8243;][\/et_pb_image][\/et_pb_column][\/et_pb_row][et_pb_row column_structure=&#8221;2_3,1_3&#8243; make_equal=&#8221;on&#8221; _builder_version=&#8221;4.16&#8243; _module_preset=&#8221;default&#8221; global_colors_info=&#8221;{}&#8221;][et_pb_column type=&#8221;2_3&#8243; _builder_version=&#8221;4.16&#8243; _module_preset=&#8221;default&#8221; global_colors_info=&#8221;{}&#8221;][et_pb_text module_id=&#8221;dabg-partner&#8221; _builder_version=&#8221;4.16&#8243; _module_preset=&#8221;default&#8221; global_colors_info=&#8221;{}&#8221;]<\/p>\n<h2><strong>Asociacia Dyslexia &#8211; Bulgaria (DABG)<\/strong><\/h2>\n<p>[\/et_pb_text][et_pb_text _builder_version=&#8221;4.16&#8243; _module_preset=&#8221;default&#8221; custom_padding=&#8221;||0px|||&#8221; global_colors_info=&#8221;{}&#8221;]<\/p>\n<p>Asociacia Dyslexia &#8211; Bulgaria (DABG) je nevladina i neprofitna organizacija, osnovana u rujnu 2005. godine.<br \/>\nGlavni ciljevi Udruge su:<\/p>\n<p>&#8211; \u0161irenje informacija o disleksiji i drugim pote\u0161ko\u0107ama u u\u010denju \/ putem publikacija, predavanja, radionica, prezentacija, interneta, itd.<br \/>\n&#8211; Nau\u010diti u\u010ditelje \/ nastavnike \/ trenere kako prepoznati simptome disleksije i sva popratna stanja.<br \/>\n&#8211; djece s disleksijom i one koja se suo\u010davaju s drugim pote\u0161ko\u0107ama u u\u010denju.<br \/>\n&#8211; Raditi samostalno ili u malim grupama s djecom i mladima i pomo\u0107i im da prevladaju pote\u0161ko\u0107e;<br \/>\n&#8211; Raditi na stvaranju dru\u0161tva prilago\u0111enog disleksiji koje \u0107e omogu\u0107iti svim osobama s disleksijom da ostvare svoj potencijal.<\/p>\n<p>Od svog osnivanja 2005. godine, DABG je sudjelovao u mnogim projektima koji se odnose na disleksiju i druge specifi\u010dne pote\u0161ko\u0107e u u\u010denju, ranu identifikaciju i ranu intervenciju; podr\u0161ka studentima da razviju dobre vje\u0161tine u\u010denja, kori\u0161tenjem pomo\u0107nih tehnologija u obrazovanju, dvojezi\u010dnosti, u\u010denju \/ pou\u010davanju stranih jezika itd.<br \/>\nStru\u010dnjaci iz Udruge pru\u017eaju treninge, seminare, radionice, prezentacije za u\u010ditelje, stru\u010dnjake i roditelje, procjena i individualne konzultacije za djecu, mlade i odrasle iz cijele zemlje.<\/p>\n<p>Tim uklju\u010duje iskusne i visoko motivirane stru\u010dnjake &#8211; pedagoge, psihologe, logopede, stru\u010dnjake za disleksiju, u\u010ditelje. Ve\u0107inu aktivnosti podr\u017eavaju volonteri sa zanimanjem za podru\u010dje specijalnog obrazovanja.<\/p>\n<p><a href=\"https:\/\/www.dyslexia-bg.org\"><i class=\"fas fa-link fa-2x picto_color\"><\/i><\/a><a href=\"https:\/\/facebook.com\/%D0%90%D1%81%D0%BE%D1%86%D0%B8%D0%B0%D1%86%D0%B8%D1%8F-%D0%94%D0%B8%D1%81%D0%BB%D0%B5%D0%BA%D1%81%D0%B8%D1%8F-%D0%91%D1%8A%D0%BB%D0%B3%D0%B0%D1%80%D0%B8%D1%8F\"><i class=\"fab fa-facebook fa-2x picto_color\" style=\"margin-left: 10px;\"><\/i><\/a>\n<\/p>\n<p>[\/et_pb_text][\/et_pb_column][et_pb_column type=&#8221;1_3&#8243; module_class=&#8221;centrer-verticalement&#8221; _builder_version=&#8221;4.16&#8243; _module_preset=&#8221;default&#8221; global_colors_info=&#8221;{}&#8221;][et_pb_image src=&#8221;https:\/\/tutodys.eu\/wp-content\/uploads\/2021\/03\/dabg-removebg-preview.png&#8221; title_text=&#8221;dabg-removebg-preview&#8221; url=&#8221;http:\/\/edyslearn.com\/Home.html&#8221; align=&#8221;center&#8221; module_class=&#8221;centrer-verticalement&#8221; _builder_version=&#8221;4.16&#8243; _module_preset=&#8221;default&#8221; width=&#8221;200px&#8221; global_colors_info=&#8221;{}&#8221;][\/et_pb_image][\/et_pb_column][\/et_pb_row][et_pb_row column_structure=&#8221;2_3,1_3&#8243; make_equal=&#8221;on&#8221; _builder_version=&#8221;4.16&#8243; _module_preset=&#8221;default&#8221; locked=&#8221;off&#8221; global_colors_info=&#8221;{}&#8221;][et_pb_column type=&#8221;2_3&#8243; _builder_version=&#8221;4.16&#8243; _module_preset=&#8221;default&#8221; global_colors_info=&#8221;{}&#8221;][et_pb_text module_id=&#8221;euphoria-partner&#8221; _builder_version=&#8221;4.16&#8243; _module_preset=&#8221;default&#8221; global_colors_info=&#8221;{}&#8221;]<\/p>\n<h2><strong>Euphoria<\/strong><\/h2>\n<p>[\/et_pb_text][et_pb_text _builder_version=&#8221;4.16&#8243; _module_preset=&#8221;default&#8221; global_colors_info=&#8221;{}&#8221;]<\/p>\n<p><span>Euphoria Net Srl talijanska je tvrtka osnovana u o\u017eujku 2019. godine s glavnim opsegom pru\u017eanja usluga u podru\u010dju upravljanja projektima, u smislu pru\u017eanja podr\u0161ke organizacijama u provo\u0111enju i upravljanju projektima, kao i pru\u017eanjem obuke o ovoj temi. Euphoria je specijalizirana za obrazovno podru\u010dje i radi na projektima povezanim s dono\u0161enjem inovacija u tim podru\u010djima.<\/span><br \/><span>Tri su glavna podru\u010dja aktivnosti:<\/span><\/p>\n<p><span>&#8211; Upravljanje projektima: slijedimo sve aspekte povezane s EU projektima.<\/span><br \/><span>&#8211; Te\u010dajevi: organiziramo te\u010dajeve posebno za \u0161kole bilo kojeg razreda, sveu\u010dili\u0161ta i udruge o sljede\u0107im temama: upravljanje projektima, digitalne kompetencije, poduzetni\u0161tvo, ja\u010danje STEM-a u \u0161koli, dr\u017eavljanstvo EU-a, personalizirano u\u010denje, meke vje\u0161tine i inovativne metodologije.<\/span><br \/><span>&#8211; Organizacija doga\u0111aja i komunikacijske strategije: organiziramo strategije \u0161irenja unutar projekata, uklju\u010duju\u0107i uspostavljanje brendiranja projekata, komunikaciju, mapiranje dionika, organizaciju i koordinaciju doga\u0111aja u cijeloj Europi.<\/span><br \/><span><br \/>\nSjedi\u0161te nam je u Rimu, ali putujemo po cijeloj Italiji da bismo odr\u017eali svoje te\u010dajeve i u Europu kako bismo proveli EU projekte.<\/span><br \/><span> <\/span><br \/>\n<a href=\"www.euphorianet.it\" target=\"_blank\" rel=\"noopener\"><span><i class=\"fas fa-link fa-2x picto_color\"><\/i><\/span><\/a><a href=\"mailto:info@euphorianet.it\"><span><i class=\"fas fa-envelope fa-2x picto_color\" style=\"margin-left: 10px;\"><\/i>  <\/span><\/a><a href=\"@EuphoriaNETsrl\"><i class=\"fab fa-facebook fa-2x picto_color\" style=\"margin-left:10px;\"><br \/>\n<\/i><\/a>\n<\/p>\n<p>[\/et_pb_text][\/et_pb_column][et_pb_column type=&#8221;1_3&#8243; module_class=&#8221;centrer-verticalement&#8221; _builder_version=&#8221;4.16&#8243; _module_preset=&#8221;default&#8221; global_colors_info=&#8221;{}&#8221;][et_pb_image src=&#8221;https:\/\/tutodys.eu\/wp-content\/uploads\/2021\/03\/euphoria-removebg-preview.png&#8221; title_text=&#8221;euphoria-removebg-preview&#8221; url=&#8221;https:\/\/euphorianet.it\/&#8221; align=&#8221;center&#8221; module_class=&#8221;centrer-verticalement&#8221; _builder_version=&#8221;4.16&#8243; _module_preset=&#8221;default&#8221; width=&#8221;200px&#8221; global_colors_info=&#8221;{}&#8221;][\/et_pb_image][\/et_pb_column][\/et_pb_row][et_pb_row column_structure=&#8221;2_3,1_3&#8243; make_equal=&#8221;on&#8221; _builder_version=&#8221;4.16&#8243; _module_preset=&#8221;default&#8221; locked=&#8221;off&#8221; global_colors_info=&#8221;{}&#8221;][et_pb_column type=&#8221;2_3&#8243; _builder_version=&#8221;4.16&#8243; _module_preset=&#8221;default&#8221; global_colors_info=&#8221;{}&#8221;][et_pb_text module_id=&#8221;josipmatosps-partner&#8221; _builder_version=&#8221;4.16&#8243; _module_preset=&#8221;default&#8221; global_colors_info=&#8221;{}&#8221;]<\/p>\n<h2><strong>Josip Matos PS<\/strong><\/h2>\n<p>[\/et_pb_text][et_pb_text _builder_version=&#8221;4.16&#8243; _module_preset=&#8221;default&#8221; global_colors_info=&#8221;{}&#8221;]<\/p>\n<p><span>Josip Matos Primary School<\/span><\/p>\n<p><span>Osnovna \u0161kola Josipa Matsa jedina je samostalna \u0161kola za u\u010denike s invaliditetom u Vukovarsko-srijemskoj \u017eupaniji. Osnovan je 1970. \u0160kola pru\u017ea osnovno obrazovanje i obrazovanje za djecu i mlade s te\u0161ko\u0107ama u razvoju, obrazovanje i njegu pred\u0161kolske djece, kao i osnovno obrazovanje odraslih s invaliditetom, kako slijedi:<\/span><\/p>\n<p>&#8211; Djeca i mladi na razini bla\u017eih intelektualnih te\u0161ko\u0107a s utjecajnim invaliditetom <br \/><\/span><span>&#8211; Children and young people at the level of moderate and severe intellectual disabilities<br \/><\/span><span>&#8211; Children with autism spectrum disorder.<\/span><\/p>\n<p><span>\u0160kola sura\u0111uje s drugim pred\u0161kolskim ustanovama, osnovnim i srednjim \u0161kolama na podru\u010dju Vukovarsko-srijemske \u017eupanije kako bi pru\u017eila podr\u0161ku u\u010denicima s invaliditetom koji su integrirani u redoviti obrazovni sustav. U \u0161koli su zaposleni stru\u010dnjaci razli\u010ditih profila, edukacijski rehabilitatori, logopedi, socijalni pedagozi, psiholozi, u\u010ditelji i medicinske sestre. Osim redovitih kurikularnih i izvannastavnih aktivnosti, \u0161kola organizira niz rehabilitacijskih postupaka (logopedska terapija, kineziterapija, terapija senzorne integracije itd.) I nastoji kroz nacionalne i me\u0111unarodne projekte osigurati kontinuirani profesionalni razvoj osoblja, kao i pobolj\u0161anje kvalitete rada s u\u010denicima s pote\u0161ko\u0107ama u razvoju.<\/span><\/p>\n<p><a href=\"http:\/\/www.os-jmatosa-vu.skole.hr\/\" target=\"_blank\" rel=\"noopener\"><span><i class=\"fas fa-link fa-2x picto_color\"><\/i><\/span><\/a><a href=\"https:\/\/www.facebook.com\/Osnovna-%C5%A1kola-Josipa-Mato%C5%A1a-Vukovar-377922229294646\/?ref=bookmarks\"><i class=\"fab fa-facebook fa-2x picto_color\" style=\"margin-left:10px;\"><br \/>\n<\/i><\/a>[\/et_pb_text][\/et_pb_column][et_pb_column type=&#8221;1_3&#8243; module_class=&#8221;centrer-verticalement&#8221; _builder_version=&#8221;4.16&#8243; _module_preset=&#8221;default&#8221; global_colors_info=&#8221;{}&#8221;][et_pb_image src=&#8221;https:\/\/tutodys.eu\/wp-content\/uploads\/2021\/03\/josipa-matosa-logo-removebg-preview.png&#8221; title_text=&#8221;josipa-matosa-logo-removebg-preview&#8221; align=&#8221;center&#8221; module_class=&#8221;centrer-verticalement&#8221; _builder_version=&#8221;4.16&#8243; _module_preset=&#8221;default&#8221; width=&#8221;200px&#8221; global_colors_info=&#8221;{}&#8221;][\/et_pb_image][\/et_pb_column][\/et_pb_row][\/et_pb_section]<\/p>\n","protected":false},"excerpt":{"rendered":"<p>PartneriProjekt Tutodys razvio je europski konzorcij u okviru projekta Erasmus + KA2 za obrazovanje odraslih koji uklju\u010duje javne i privatne organizacije iz pet razli\u010ditih zemalja. Belgija &#8211; Bugarska &#8211; Hrvatska &#8211; Francuska &#8211; ItalijaEdulogEDULOG Od 2009. EDULOG sura\u0111uje sa srednjim \u0161kolama i obrazovnim udrugama na stvaranju internetskih alata za komunikaciju, suradnju i dijeljenje. Cilj nam [&hellip;]<\/p>\n","protected":false},"author":2,"featured_media":0,"parent":0,"menu_order":0,"comment_status":"closed","ping_status":"closed","template":"","meta":{"_et_pb_use_builder":"on","_et_pb_old_content":"","_et_gb_content_width":"","footnotes":""},"_links":{"self":[{"href":"https:\/\/tutodys.eu\/hr\/wp-json\/wp\/v2\/pages\/471"}],"collection":[{"href":"https:\/\/tutodys.eu\/hr\/wp-json\/wp\/v2\/pages"}],"about":[{"href":"https:\/\/tutodys.eu\/hr\/wp-json\/wp\/v2\/types\/page"}],"author":[{"embeddable":true,"href":"https:\/\/tutodys.eu\/hr\/wp-json\/wp\/v2\/users\/2"}],"replies":[{"embeddable":true,"href":"https:\/\/tutodys.eu\/hr\/wp-json\/wp\/v2\/comments?post=471"}],"version-history":[{"count":23,"href":"https:\/\/tutodys.eu\/hr\/wp-json\/wp\/v2\/pages\/471\/revisions"}],"predecessor-version":[{"id":1071,"href":"https:\/\/tutodys.eu\/hr\/wp-json\/wp\/v2\/pages\/471\/revisions\/1071"}],"wp:attachment":[{"href":"https:\/\/tutodys.eu\/hr\/wp-json\/wp\/v2\/media?parent=471"}],"curies":[{"name":"wp","href":"https:\/\/api.w.org\/{rel}","templated":true}]}}