{"id":1133,"date":"2023-06-16T12:10:54","date_gmt":"2023-06-16T10:10:54","guid":{"rendered":"https:\/\/tutodys.eu\/uvjeti-i-odredbe\/"},"modified":"2023-06-16T12:10:54","modified_gmt":"2023-06-16T10:10:54","slug":"uvjeti-i-odredbe","status":"publish","type":"page","link":"https:\/\/tutodys.eu\/hr\/uvjeti-i-odredbe\/","title":{"rendered":"Uvjeti i odredbe"},"content":{"rendered":"<p>[et_pb_section fb_built=&#8221;1&#8243; _builder_version=&#8221;4.16&#8243; _module_preset=&#8221;default&#8221; background_color=&#8221;#F8FAFC&#8221; custom_margin=&#8221;||||false|false&#8221; custom_padding=&#8221;30px||30px||false|false&#8221; global_colors_info=&#8221;{}&#8221;][et_pb_row _builder_version=&#8221;4.16&#8243; _module_preset=&#8221;default&#8221; global_colors_info=&#8221;{}&#8221;][et_pb_column type=&#8221;4_4&#8243; _builder_version=&#8221;4.16&#8243; _module_preset=&#8221;default&#8221; global_colors_info=&#8221;{}&#8221;][et_pb_text _builder_version=&#8221;4.16&#8243; _module_preset=&#8221;default&#8221; header_text_color=&#8221;#e95009&#8243; global_colors_info=&#8221;{}&#8221;]<\/p>\n<h1 style=\"text-align: center; color: #e95008;\"><strong>Uvjeti i odredbe<br \/>\n<\/strong><\/h1>\n<p>[\/et_pb_text][et_pb_text _builder_version=&#8221;4.16&#8243; _module_preset=&#8221;default&#8221; width=&#8221;70%&#8221; module_alignment=&#8221;center&#8221; global_colors_info=&#8221;{}&#8221;]<\/p>\n<p style=\"text-align: center;\">Projekt Tutodys razvio je europski konzorcij u okviru projekta Erasmus + KA2 za \u0161kolsko obrazovanje koji uklju\u010duje javne i privatne organizacije iz pet razli\u010ditih zemalja. <br \/>Belgija &#8211; Bugarska &#8211; Hrvatska &#8211; Francuska &#8211; Italija<\/p>\n<p>[\/et_pb_text][\/et_pb_column][\/et_pb_row][\/et_pb_section][et_pb_section fb_built=&#8221;1&#8243; _builder_version=&#8221;4.16&#8243; _module_preset=&#8221;default&#8221; global_colors_info=&#8221;{}&#8221;][et_pb_row make_equal=&#8221;on&#8221; _builder_version=&#8221;4.16&#8243; _module_preset=&#8221;default&#8221; global_colors_info=&#8221;{}&#8221;][et_pb_column type=&#8221;4_4&#8243; _builder_version=&#8221;4.16&#8243; _module_preset=&#8221;default&#8221; global_colors_info=&#8221;{}&#8221;][et_pb_text _builder_version=&#8221;4.17.6&#8243; _module_preset=&#8221;default&#8221; global_colors_info=&#8221;{}&#8221;]<\/p>\n<h2>Objavljivanje web stranica<\/h2>\n<p class=\"mb-5\">Web stranicu www.tutodys.eu ( u daljnjem tekstu \u201c Web stranica \u201d ) objavljuje tvrtka EDULOG, evidentirana na Pari\u0161kom registru trgovine i tvrtki pod brojem 417617545, sa sjedi\u0161tem u 9 rue Parrot &#8211; CS 72809 Paris Cedex 12 ( EU PDV broj: FR65417617545 ).<\/p>\n<p>Tutodys ( 2020-1-FR01-KA201-080571_20201022 ) je Erasmus + KA2 Razvoj inovacijskog projekta koji je stvorilo nekoliko europskih partnera. Projekt se financira uz potporu Europske komisije.<\/p>\n<p>Za ovu je publikaciju odgovoran autor i Komisija nije odgovorna za bilo koje podatke sadr\u017eane u njima.<br \/>EDULOG SAS odgovoran je za njegovo objavljivanje.<\/p>\n<h2>Stvaranje web stranica<\/h2>\n<p class=\"mb-5\">Direktor publikacije i voditelj sadr\u017eaja za web stranicu: Mathieu Latrubesse \u2013 EDULOG SAS<br \/>Dizajn i razvoj platforme: Edulog SAS<\/p>\n<h2>Taljenje<\/h2>\n<p class=\"mb-5\">Web stranica ugo\u0161\u0107uje Aqua Ray SAS<br \/>14 rue Jules Vanzuppe 94200 IVRY-SUR-SEINE &#8211; FRANCE<br \/>Tel: + 33 820 290 108<br \/>SIREN: RCS Crteil 447 997 099<\/p>\n<h2>Cookies<\/h2>\n<p class=\"mb-5\">Web stranica mo\u017ee automatski prikupljati standardne podatke, poput personaliziranih podataka koji web mjestu omogu\u0107uju identifikaciju svojih posjetitelja. Sve neizravno prikupljene informacije koristit \u0107e se samo za pra\u0107enje volumena, vrste i konfiguracije prometa na web mjestu kako bi se pobolj\u0161ao njegov dizajn i izgled, u druge administrativne i planske svrhe i, op\u0107enito, za pobolj\u0161anje usluge koju nudimo.<br \/>Mo\u017eete odbiti upotrebu kola\u010di\u0107a na svom ure\u0111aju.<\/p>\n<h2>Prava intelektualnog vlasni\u0161tva<\/h2>\n<p class=\"mb-5\">Svi sadr\u017eaji distribuiraju se pod Creative Commons licencom: Atribucija &#8211; NonCommercial &#8211; ShareAlike 4.0 International<\/p>\n<p>Ako nije druga\u010dije odre\u0111eno, slobodno mo\u017eete:<br \/>Podijelite \u2014 kopirajte i redistribuirajte materijal u bilo kojem mediju ili formatu<br \/>Prilagodite \u2014 remiksu, preobrazite i nadogradite na materijalu<br \/>Davatelj licence ne mo\u017ee opozvati ove slobode sve dok slijedite uvjete licence.<\/p>\n<p>Pod sljede\u0107im uvjetima:<br \/>Atribucija \u2014 Morate dati odgovaraju\u0107i kredit, pru\u017eiti vezu s licencom i navesti jesu li napravljene promjene. To mo\u017eete u\u010diniti na bilo koji razuman na\u010din, ali ne na bilo koji na\u010din koji sugerira da davatelj licence podr\u017eava vas ili va\u0161u upotrebu.<br \/>Netrgova\u010dki \u2014 Ne smijete koristiti materijal u komercijalne svrhe.<br \/>ShareAlike \u2014 Ako remiksirate, transformirate ili gradite na materijalu, svoje doprinose morate raspodijeliti pod istom licencom kao i izvornik.<\/p>\n<h2>Hiperveze<\/h2>\n<p class=\"mb-5\">Web stranica mo\u017ee sadr\u017eavati hiperveze koje vode do drugih web stranica, koje objavljuju i upravljaju tre\u0107e strane, a ne izdava\u010d. Izdava\u010d ne\u0107e biti izravno ili neizravno odgovoran ako ove web stranice tre\u0107ih strana ne budu u skladu s zakonskim odredbama. Hiperlinkovi do web stranice zahtijevaju prethodno pismeno odobrenje izdava\u010da.<\/p>\n<h2>Politika privatnosti<\/h2>\n<p class=\"mb-5\">Edulog, koordinator projekta Tutodys, posve\u0107en je svojim korisnicima da ispune zahtjeve NDRP-a.<\/p>\n<p>Obrasci web mjesta omogu\u0107uju vam kontakt s EDULOG-om za bilo koje op\u0107e pitanje. Pravni temelj je \u010dlanak 6.1.a RGPD ( pristanak ). Primatelji podataka su kontrolor podataka, u ovom slu\u010daju odjel za korisni\u010dke usluge EDULOG, zadu\u017een za odgovore, podizvo\u0111a\u010d Aquaray koji upravlja web poslu\u017eiteljem, i bilo koja pravno ovla\u0161tena osoba.<\/p>\n<p>Poslu\u017eitelj na kojem se nalazi kontaktni obrazac ugo\u0161\u0107uje Aquaray, \u0161to zna\u010di da se va\u0161i podaci ne mogu prenijeti izvan EU prema strogim propisima GDPR-a. Aquaray je osigurao odgovaraju\u0107e za\u0161titne klauzule na modelu koji je utvrdila i odobrila Europska komisija.<\/p>\n<p class=\"mb-5\">Trajanje obrade podataka ograni\u010deno je na vrijeme potrebno za obradu va\u0161eg zahtjeva, podrazumijeva se da mo\u017eete povu\u0107i svoj pristanak i zatra\u017eiti brisanje svojih podataka u bilo kojem trenutku.<\/p>\n<p>Imate pravo tra\u017eiti od kontrolora podataka pristup va\u0161im osobnim podacima, ispraviti ih ili izbrisati ili ograni\u010diti obradu podataka koji se odnose na doti\u010dnu osobu, ili prigovoriti na obradu i pravo na prenosivost podataka. Tvrtka odgovorna za preradu je EDULOG SAS, 9 rue Parrot &#8211; CS 72809 Paris Cedex 12. Tako\u0111er imate pravo podnijeti \u017ealbu nadzornom tijelu.<\/p>\n<p>[\/et_pb_text][\/et_pb_column][\/et_pb_row][\/et_pb_section]<\/p>\n","protected":false},"excerpt":{"rendered":"<p>Uvjeti i odredbe Projekt Tutodys razvio je europski konzorcij u okviru projekta Erasmus + KA2 za \u0161kolsko obrazovanje koji uklju\u010duje javne i privatne organizacije iz pet razli\u010ditih zemalja. Belgija &#8211; Bugarska &#8211; Hrvatska &#8211; Francuska &#8211; ItalijaObjavljivanje web stranica Web stranicu www.tutodys.eu ( u daljnjem tekstu \u201c Web stranica \u201d ) objavljuje tvrtka EDULOG, evidentirana [&hellip;]<\/p>\n","protected":false},"author":4,"featured_media":0,"parent":0,"menu_order":0,"comment_status":"closed","ping_status":"closed","template":"","meta":{"_et_pb_use_builder":"on","_et_pb_old_content":"","_et_gb_content_width":"","footnotes":""},"_links":{"self":[{"href":"https:\/\/tutodys.eu\/hr\/wp-json\/wp\/v2\/pages\/1133"}],"collection":[{"href":"https:\/\/tutodys.eu\/hr\/wp-json\/wp\/v2\/pages"}],"about":[{"href":"https:\/\/tutodys.eu\/hr\/wp-json\/wp\/v2\/types\/page"}],"author":[{"embeddable":true,"href":"https:\/\/tutodys.eu\/hr\/wp-json\/wp\/v2\/users\/4"}],"replies":[{"embeddable":true,"href":"https:\/\/tutodys.eu\/hr\/wp-json\/wp\/v2\/comments?post=1133"}],"version-history":[{"count":2,"href":"https:\/\/tutodys.eu\/hr\/wp-json\/wp\/v2\/pages\/1133\/revisions"}],"predecessor-version":[{"id":1135,"href":"https:\/\/tutodys.eu\/hr\/wp-json\/wp\/v2\/pages\/1133\/revisions\/1135"}],"wp:attachment":[{"href":"https:\/\/tutodys.eu\/hr\/wp-json\/wp\/v2\/media?parent=1133"}],"curies":[{"name":"wp","href":"https:\/\/api.w.org\/{rel}","templated":true}]}}