{"id":1124,"date":"2023-06-16T11:51:00","date_gmt":"2023-06-16T09:51:00","guid":{"rendered":"https:\/\/tutodys.eu\/politika-privatnosti\/"},"modified":"2023-06-16T11:51:01","modified_gmt":"2023-06-16T09:51:01","slug":"politika-privatnosti","status":"publish","type":"page","link":"https:\/\/tutodys.eu\/hr\/politika-privatnosti\/","title":{"rendered":"Politika privatnosti"},"content":{"rendered":"<p>[et_pb_section fb_built=&#8221;1&#8243; _builder_version=&#8221;4.16&#8243; _module_preset=&#8221;default&#8221; background_color=&#8221;#F8FAFC&#8221; custom_margin=&#8221;||||false|false&#8221; custom_padding=&#8221;30px||30px||false|false&#8221; global_colors_info=&#8221;{}&#8221; theme_builder_area=&#8221;post_content&#8221;][et_pb_row _builder_version=&#8221;4.16&#8243; _module_preset=&#8221;default&#8221; global_colors_info=&#8221;{}&#8221; theme_builder_area=&#8221;post_content&#8221;][et_pb_column type=&#8221;4_4&#8243; _builder_version=&#8221;4.16&#8243; _module_preset=&#8221;default&#8221; global_colors_info=&#8221;{}&#8221; theme_builder_area=&#8221;post_content&#8221;][et_pb_text _builder_version=&#8221;4.17.6&#8243; _module_preset=&#8221;default&#8221; header_text_color=&#8221;#e95009&#8243; hover_enabled=&#8221;0&#8243; global_colors_info=&#8221;{}&#8221; theme_builder_area=&#8221;post_content&#8221; sticky_enabled=&#8221;0&#8243;]<\/p>\n<h1 style=\"text-align: center; color: #e95008;\"><strong>Pravna privatnost<\/strong><\/h1>\n<p>[\/et_pb_text][et_pb_text _builder_version=&#8221;4.16&#8243; _module_preset=&#8221;default&#8221; width=&#8221;70%&#8221; module_alignment=&#8221;center&#8221; global_colors_info=&#8221;{}&#8221; theme_builder_area=&#8221;post_content&#8221;]<\/p>\n<p>Projekt Tutodys razvio je europski konzorcij u okviru projekta Erasmus + KA2 za \u0161kolsko obrazovanje koji uklju\u010duje javne i privatne organizacije iz pet razli\u010ditih zemalja.<\/p>\n<p>[\/et_pb_text][\/et_pb_column][\/et_pb_row][\/et_pb_section][et_pb_section fb_built=&#8221;1&#8243; _builder_version=&#8221;4.16&#8243; _module_preset=&#8221;default&#8221; global_colors_info=&#8221;{}&#8221; theme_builder_area=&#8221;post_content&#8221;][et_pb_row make_equal=&#8221;on&#8221; _builder_version=&#8221;4.16&#8243; _module_preset=&#8221;default&#8221; global_colors_info=&#8221;{}&#8221; theme_builder_area=&#8221;post_content&#8221;][et_pb_column type=&#8221;4_4&#8243; _builder_version=&#8221;4.16&#8243; _module_preset=&#8221;default&#8221; global_colors_info=&#8221;{}&#8221; theme_builder_area=&#8221;post_content&#8221;][et_pb_text _builder_version=&#8221;4.17.6&#8243; _module_preset=&#8221;default&#8221; global_colors_info=&#8221;{}&#8221; theme_builder_area=&#8221;post_content&#8221;]<\/p>\n<p>Edulog, koordinator projekta Tutodys, posve\u0107en je svojim korisnicima da ispune zahtjeve NDRP-a.<\/p>\n<p>[\/et_pb_text][\/et_pb_column][\/et_pb_row][\/et_pb_section]<\/p>\n","protected":false},"excerpt":{"rendered":"<p>Pravna privatnostProjekt Tutodys razvio je europski konzorcij u okviru projekta Erasmus + KA2 za \u0161kolsko obrazovanje koji uklju\u010duje javne i privatne organizacije iz pet razli\u010ditih zemalja.Edulog, koordinator projekta Tutodys, posve\u0107en je svojim korisnicima da ispune zahtjeve NDRP-a.<\/p>\n","protected":false},"author":4,"featured_media":0,"parent":0,"menu_order":0,"comment_status":"closed","ping_status":"closed","template":"","meta":{"_et_pb_use_builder":"on","_et_pb_old_content":"","_et_gb_content_width":"","footnotes":""},"_links":{"self":[{"href":"https:\/\/tutodys.eu\/hr\/wp-json\/wp\/v2\/pages\/1124"}],"collection":[{"href":"https:\/\/tutodys.eu\/hr\/wp-json\/wp\/v2\/pages"}],"about":[{"href":"https:\/\/tutodys.eu\/hr\/wp-json\/wp\/v2\/types\/page"}],"author":[{"embeddable":true,"href":"https:\/\/tutodys.eu\/hr\/wp-json\/wp\/v2\/users\/4"}],"replies":[{"embeddable":true,"href":"https:\/\/tutodys.eu\/hr\/wp-json\/wp\/v2\/comments?post=1124"}],"version-history":[{"count":2,"href":"https:\/\/tutodys.eu\/hr\/wp-json\/wp\/v2\/pages\/1124\/revisions"}],"predecessor-version":[{"id":1126,"href":"https:\/\/tutodys.eu\/hr\/wp-json\/wp\/v2\/pages\/1124\/revisions\/1126"}],"wp:attachment":[{"href":"https:\/\/tutodys.eu\/hr\/wp-json\/wp\/v2\/media?parent=1124"}],"curies":[{"name":"wp","href":"https:\/\/api.w.org\/{rel}","templated":true}]}}