{"id":576,"date":"2021-04-15T16:22:07","date_gmt":"2021-04-15T14:22:07","guid":{"rendered":"https:\/\/tutodys.eu\/partenaires\/"},"modified":"2023-06-16T11:25:36","modified_gmt":"2023-06-16T09:25:36","slug":"partenaires","status":"publish","type":"page","link":"https:\/\/tutodys.eu\/fr\/partenaires\/","title":{"rendered":"Partenaires"},"content":{"rendered":"<p>[et_pb_section fb_built=\u00a0\u00bb1&Prime; _builder_version=\u00a0\u00bb4.16&Prime; _module_preset=\u00a0\u00bbdefault\u00a0\u00bb background_color=\u00a0\u00bb#F8FAFC\u00a0\u00bb custom_margin=\u00a0\u00bb||||false|false\u00a0\u00bb custom_padding=\u00a0\u00bb30px||30px||false|false\u00a0\u00bb global_colors_info=\u00a0\u00bb{}\u00a0\u00bb][et_pb_row _builder_version=\u00a0\u00bb4.16&Prime; _module_preset=\u00a0\u00bbdefault\u00a0\u00bb global_colors_info=\u00a0\u00bb{}\u00a0\u00bb][et_pb_column type=\u00a0\u00bb4_4&Prime; _builder_version=\u00a0\u00bb4.16&Prime; _module_preset=\u00a0\u00bbdefault\u00a0\u00bb global_colors_info=\u00a0\u00bb{}\u00a0\u00bb][et_pb_text _builder_version=\u00a0\u00bb4.16&Prime; _module_preset=\u00a0\u00bbdefault\u00a0\u00bb header_text_color=\u00a0\u00bb#e95009&Prime; global_colors_info=\u00a0\u00bb{}\u00a0\u00bb]<\/p>\n<h1 style=\"text-align: center; color: #e95008;\"><strong>Partenaires<\/strong><\/h1>\n<p>[\/et_pb_text][et_pb_text _builder_version=\u00a0\u00bb4.16&Prime; _module_preset=\u00a0\u00bbdefault\u00a0\u00bb width=\u00a0\u00bb70%\u00a0\u00bb module_alignment=\u00a0\u00bbcenter\u00a0\u00bb global_colors_info=\u00a0\u00bb{}\u00a0\u00bb]<\/p>\n<p style=\"text-align: center;\">Le projet Tutodys est mis en oeuvre par un partenariat europ\u00e9en dans le cadre d&rsquo;un projet Erasmus+ KA2 pour l&rsquo;\u00e9ducation, impliquant des organisations publiques et priv\u00e9es de cinq pays diff\u00e9rents.<br \/>Belgique &#8211; Bulgarie &#8211; Croatie &#8211; France &#8211; Italie<\/p>\n<p>[\/et_pb_text][\/et_pb_column][\/et_pb_row][\/et_pb_section][et_pb_section fb_built=\u00a0\u00bb1&Prime; _builder_version=\u00a0\u00bb4.16&Prime; _module_preset=\u00a0\u00bbdefault\u00a0\u00bb global_colors_info=\u00a0\u00bb{}\u00a0\u00bb][et_pb_row column_structure=\u00a0\u00bb2_3,1_3&Prime; make_equal=\u00a0\u00bbon\u00a0\u00bb _builder_version=\u00a0\u00bb4.16&Prime; _module_preset=\u00a0\u00bbdefault\u00a0\u00bb global_colors_info=\u00a0\u00bb{}\u00a0\u00bb][et_pb_column type=\u00a0\u00bb2_3&Prime; _builder_version=\u00a0\u00bb4.16&Prime; _module_preset=\u00a0\u00bbdefault\u00a0\u00bb global_colors_info=\u00a0\u00bb{}\u00a0\u00bb][et_pb_text module_id=\u00a0\u00bbedulog-partner\u00a0\u00bb _builder_version=\u00a0\u00bb4.16&Prime; _module_preset=\u00a0\u00bbdefault\u00a0\u00bb global_colors_info=\u00a0\u00bb{}\u00a0\u00bb]<\/p>\n<h2><strong>Edulog<\/strong><\/h2>\n<p>[\/et_pb_text][et_pb_text _builder_version=\u00a0\u00bb4.16&Prime; _module_preset=\u00a0\u00bbdefault\u00a0\u00bb global_colors_info=\u00a0\u00bb{}\u00a0\u00bb]<\/p>\n<p><span>Depuis 2009, EDULOG travaille avec des lyc\u00e9es et des associations \u00e9ducatives pour cr\u00e9er des outils de communication, de collaboration et de partage en ligne. Notre objectif est de renforcer la relation entre les \u00e9l\u00e8ves et leurs enseignants.<\/span><\/p>\n<p><span>EDULOG propose 4 solutions diff\u00e9rentes :<\/span><br \/><span>&#8211; IAL est une plateforme collaborative utilis\u00e9e par les \u00e9coles et les associations. Avec un identifiant et un mot de passe, les \u00e9tudiants et les enseignants peuvent acc\u00e9der \u00e0 un large choix de ressources, de livres et de contenus p\u00e9dagogiques. Les \u00e9l\u00e8ves peuvent travailler ensemble et partager leurs productions. IAL, c&rsquo;est aussi une bo\u00eete \u00e0 outils de services web utilis\u00e9s par les lyc\u00e9es pour g\u00e9rer le travail des \u00e9l\u00e8ves et leur formation : relev\u00e9s de notes, gestion des devoirs, planification, assiduit\u00e9\u2026 IAL est connect\u00e9e \u00e0 d&rsquo;autres services avec des technologies modernes d&rsquo;authentification unique.<\/span><br \/><span>&#8211; \u00ab CahierDeTextesEnLigne \u00bb est une solution compl\u00e8te pour les enseignants qui souhaitent partager planning et devoirs avec leurs \u00e9l\u00e8ves. Cet outil est gratuit pour les enseignants individuels : il est utilis\u00e9 dans le monde entier, dans les pays francophones et dans les institutions fran\u00e7aises<\/span><br \/><span>&#8211; \u00ab EDULOG Secr\u00e9tariat et Facturation \u00bb est une suite logicielle compl\u00e8te d\u00e9di\u00e9e \u00e0 la facturation dans les \u00e9coles.<br \/>\n<\/span><br \/><span>&#8211; Enfin, \u00ab 123Web \u00bb est un syst\u00e8me de gestion de contenu que nous avons d\u00e9velopp\u00e9 sp\u00e9cifiquement pour les \u00e9coles et les associations. Tr\u00e8s simple d&rsquo;utilisation, cette solution permet aux enseignants d&rsquo;utiliser un site internet dans un contexte p\u00e9dagogique.<\/span><\/p>\n<p><span>EDULOG cr\u00e9e \u00e9galement des solutions web collaboratives destin\u00e9es aux \u00e9tablissements d&rsquo;enseignement ou aux associations, bas\u00e9es sur un cahier des charges ou une expression d&rsquo;exigences. Enfin, depuis 2016, EDULOG participe \u00e0 des projets d&rsquo;innovation p\u00e9dagogique ERASMUS +, notamment pour accompagner les \u00e9tudiants DYS.<\/span><\/p>\n<p><a href=\"https:\/\/www.edulog.fr\/\" target=\"_blank\" rel=\"noopener\"><span><i class=\"fas fa-link fa-2x picto_color\"><\/i><\/span><\/a><a href=\"https:\/\/twitter.com\/edulog\"><i class=\"fab fa-twitter fa-2x picto_color\" style=\"margin-left: 10px;\"><\/i><\/a><a href=\"https:\/\/www.facebook.com\/Edulog.fr\"><i class=\"fab fa-facebook fa-2x picto_color\" style=\"margin-left: 10px;\"><br \/>\n<\/i><\/a>[\/et_pb_text][\/et_pb_column][et_pb_column type=\u00a0\u00bb1_3&Prime; module_class=\u00a0\u00bbcentrer-verticalement\u00a0\u00bb _builder_version=\u00a0\u00bb4.16&Prime; _module_preset=\u00a0\u00bbdefault\u00a0\u00bb global_colors_info=\u00a0\u00bb{}\u00a0\u00bb][et_pb_image src=\u00a0\u00bbhttps:\/\/tutodys.eu\/wp-content\/uploads\/2021\/03\/logo.svg\u00a0\u00bb title_text=\u00a0\u00bbEdulog\u00a0\u00bb url=\u00a0\u00bbhttps:\/\/www.edulog.fr\/\u00a0\u00bb align=\u00a0\u00bbcenter\u00a0\u00bb module_class=\u00a0\u00bbcentrer-verticalement\u00a0\u00bb _builder_version=\u00a0\u00bb4.16&Prime; _module_preset=\u00a0\u00bbdefault\u00a0\u00bb width=\u00a0\u00bb200px\u00a0\u00bb global_colors_info=\u00a0\u00bb{}\u00a0\u00bb][\/et_pb_image][\/et_pb_column][\/et_pb_row][et_pb_row column_structure=\u00a0\u00bb2_3,1_3&Prime; make_equal=\u00a0\u00bbon\u00a0\u00bb _builder_version=\u00a0\u00bb4.16&Prime; _module_preset=\u00a0\u00bbdefault\u00a0\u00bb global_colors_info=\u00a0\u00bb{}\u00a0\u00bb][et_pb_column type=\u00a0\u00bb2_3&Prime; _builder_version=\u00a0\u00bb4.16&Prime; _module_preset=\u00a0\u00bbdefault\u00a0\u00bb global_colors_info=\u00a0\u00bb{}\u00a0\u00bb][et_pb_text module_id=\u00a0\u00bblogopsycom-partner\u00a0\u00bb _builder_version=\u00a0\u00bb4.16&Prime; _module_preset=\u00a0\u00bbdefault\u00a0\u00bb min_height=\u00a0\u00bb27px\u00a0\u00bb global_colors_info=\u00a0\u00bb{}\u00a0\u00bb]<\/p>\n<h2><strong>Logopsycom<\/strong><\/h2>\n<p>[\/et_pb_text][et_pb_text _builder_version=\u00a0\u00bb4.16&Prime; _module_preset=\u00a0\u00bbdefault\u00a0\u00bb global_colors_info=\u00a0\u00bb{}\u00a0\u00bb]<span>Logopsycom est un centre d&rsquo;innovation p\u00e9dagogique qui cr\u00e9e et utilise des m\u00e9thodes ou des outils alternatifs (num\u00e9riques ou non) pour accompagner les \u00e9coles, les centres d&rsquo;EFP, les organisations \u00e9ducatives, les jeunes et les parents. Elle a \u00e9t\u00e9 initialement cr\u00e9\u00e9e comme une soci\u00e9t\u00e9 de soins, sp\u00e9cialis\u00e9e sur les troubles d&rsquo;apprentissage, chez les jeunes, notamment en \u00abDys\u00bb (dyspraxie, dysphasie, dyslexie, etc.), \u00e9galement appel\u00e9e troubles d&rsquo;apprentissage sp\u00e9cifiques (SLD) et travaille donc toujours sur l&rsquo;accessibilit\u00e9 des contenus.<\/span><br \/>\n<span><i class=\"fas fa-map-marker-alt\"  style=\" color:grey\"><\/i> 20, chemin de la Valli\u00e8re 7000 Mons<\/span><\/p>\n<p><a href=\"https:\/\/www.logopsycom.com\/\" target=\"_blank\" rel=\"noopener\"><span><i class=\"fas fa-link fa-2x picto_color\"><\/i><\/span><\/a><a href=\"mailto:info@logopsycom.com\"><span><i class=\"fas fa-envelope fa-2x picto_color\"  style=\" margin-left: 10px;\"><\/i>  <\/span><\/a><a href=\"https:\/\/twitter.com\/logopsycom\"><i class=\"fab fa-twitter fa-2x picto_color\" style=\"margin-left: 10px;\"><\/i><\/a><a href=\"https:\/\/www.facebook.com\/Logopsycom\/\"><i class=\"fab fa-facebook fa-2x picto_color\" style=\"margin-left:10px;\"><br \/>\n<\/i><\/a><a href=\"https:\/\/www.instagram.com\/logopsycom\/\"><i class=\"fab fa-instagram fa-2x picto_color\" style=\"margin-left:10px;\"><\/i><\/a>[\/et_pb_text][\/et_pb_column][et_pb_column type=\u00a0\u00bb1_3&Prime; module_class=\u00a0\u00bbcentrer-verticalement\u00a0\u00bb _builder_version=\u00a0\u00bb4.16&Prime; _module_preset=\u00a0\u00bbdefault\u00a0\u00bb global_colors_info=\u00a0\u00bb{}\u00a0\u00bb][et_pb_image src=\u00a0\u00bbhttps:\/\/tutodys.eu\/wp-content\/uploads\/2021\/03\/logopsycom-removebg-preview.png\u00a0\u00bb title_text=\u00a0\u00bblogopsycom-removebg-preview\u00a0\u00bb url=\u00a0\u00bbhttps:\/\/logopsycom.com\/fr\/accueil\/\u00a0\u00bb align=\u00a0\u00bbcenter\u00a0\u00bb module_class=\u00a0\u00bbcentrer-verticalement\u00a0\u00bb _builder_version=\u00a0\u00bb4.16&Prime; _module_preset=\u00a0\u00bbdefault\u00a0\u00bb width=\u00a0\u00bb220px\u00a0\u00bb global_colors_info=\u00a0\u00bb{}\u00a0\u00bb][\/et_pb_image][\/et_pb_column][\/et_pb_row][et_pb_row column_structure=\u00a0\u00bb2_3,1_3&Prime; make_equal=\u00a0\u00bbon\u00a0\u00bb _builder_version=\u00a0\u00bb4.16&Prime; _module_preset=\u00a0\u00bbdefault\u00a0\u00bb global_colors_info=\u00a0\u00bb{}\u00a0\u00bb][et_pb_column type=\u00a0\u00bb2_3&Prime; _builder_version=\u00a0\u00bb4.16&Prime; _module_preset=\u00a0\u00bbdefault\u00a0\u00bb global_colors_info=\u00a0\u00bb{}\u00a0\u00bb][et_pb_text module_id=\u00a0\u00bblesapprimeurs-partner\u00a0\u00bb _builder_version=\u00a0\u00bb4.16&Prime; _module_preset=\u00a0\u00bbdefault\u00a0\u00bb global_colors_info=\u00a0\u00bb{}\u00a0\u00bb]<\/p>\n<h2><strong>Les Apprimeurs<\/strong><\/h2>\n<p>[\/et_pb_text][et_pb_text _builder_version=\u00a0\u00bb4.16&Prime; _module_preset=\u00a0\u00bbdefault\u00a0\u00bb global_colors_info=\u00a0\u00bb{}\u00a0\u00bb]<\/p>\n<p>Fond\u00e9e en 2013, Les Apprimeurs est une maison d\u2019\u00e9dition et une agence digitale d\u00e9di\u00e9e \u00e0 l\u2019accompagnement des professionnels du secteur culturel et \u00e9ducatif dans la cr\u00e9ation et la diffusion de leurs contenus num\u00e9riques. Sp\u00e9cialiste des formats ebooks, notre \u00e9quipe imagine des solutions sur-mesure pour r\u00e9pondre aux nouvelles attentes des utilisateurs en termes d&rsquo;accessibilit\u00e9, de diffusion et d&rsquo;interactivit\u00e9.<br \/>\nNotre activit\u00e9 s\u2019articule autour de 4 axes :<\/p>\n<p>&#8211; Cr\u00e9ation de productions num\u00e9riques (ebook) enrichies et accessibles, r\u00e9compens\u00e9es par plusieurs prix, sous sa marque d\u2019\u00e9dition L\u2019Apprimerie. Nous collaborons \u00e9galement r\u00e9guli\u00e8rement avec des professionnels et des organisations de diff\u00e9rents secteurs : institutions \u00e9ducatives, culturelles et audiovisuelles.<br \/>\n&#8211; \u00c9dition de livres illustr\u00e9s. Nous travaillons avec des auteurs et illustrateurs pour la cr\u00e9ation et la production de livres jeunesse. Nous organisons des ateliers dans les \u00e9coles d\u2019arts sur les nouvelles m\u00e9thodes narratives combinant les m\u00e9dias traditionnels et num\u00e9riques ; ainsi qu\u2019en biblioth\u00e8que, ou avec des enseignants pour promouvoir la cr\u00e9ation de livres en tant que projet cr\u00e9atif de classe ou r\u00e9unissant des publics d\u2019horizons diff\u00e9rents.<br \/>\n&#8211; D\u00e9veloppement d\u2019outils p\u00e9dagogiques et num\u00e9riques innovants pour faciliter l\u2019acc\u00e8s aux contenus \u00e9crits. Nous consid\u00e9rons l\u2019\u00e9dition num\u00e9rique comme un service pour les lecteurs, une v\u00e9ritable opportunit\u00e9 de faciliter l\u2019acc\u00e8s \u00e0 la lecture et d\u2019am\u00e9liorer l\u2019exp\u00e9rience de lecture. L&rsquo;accessibilit\u00e9 et la publication inclusive font parties int\u00e9grantes de notre approche.<br \/>\n&#8211; Formation de professionnels et d\u2019\u00e9tudiants de l\u2019\u00e9dition, de l\u2019audiovisuel, de l\u2019art, du design ou de l\u2019\u00e9ducation, d\u00e9sireux de mettre \u00e0 jour leurs comp\u00e9tences num\u00e9riques afin de ma\u00eetriser de nouvelles fa\u00e7ons de produire des contenus num\u00e9riques.<\/p>\n<p><a href=\"https:\/\/lesapprimeurs.com\/\"><i class=\"fas fa-link fa-2x picto_color\"><\/i><\/a><a href=\"https:\/\/www.facebook.com\/lesapprimeurs\/\"><i class=\"fab fa-facebook fa-2x picto_color\" style=\"margin-left: 10px;\"><\/i><\/a><a href=\"https:\/\/www.instagram.com\/lesapprimeurs\/\"><i class=\"fab fa-instagram fa-2x picto_color\" style=\"margin-left: 10px;\"><\/i><\/a><a href=\"https:\/\/twitter.com\/apprimeurs\"><i class=\"fab fa-twitter fa-2x picto_color\" style=\"margin-left: 10px;\"><\/i><\/a>\n<\/p>\n<p>[\/et_pb_text][\/et_pb_column][et_pb_column type=\u00a0\u00bb1_3&Prime; module_class=\u00a0\u00bbcentrer-verticalement\u00a0\u00bb _builder_version=\u00a0\u00bb4.16&Prime; _module_preset=\u00a0\u00bbdefault\u00a0\u00bb global_colors_info=\u00a0\u00bb{}\u00a0\u00bb][et_pb_image src=\u00a0\u00bbhttps:\/\/tutodys.eu\/wp-content\/uploads\/2023\/06\/les-apprimeurs-2.png\u00a0\u00bb alt=\u00a0\u00bbLes Apprimeurs\u00a0\u00bb title_text=\u00a0\u00bbLes Apprimeurs\u00a0\u00bb url=\u00a0\u00bbhttp:\/\/lesapprimeurs.com\/\u00a0\u00bb align=\u00a0\u00bbcenter\u00a0\u00bb module_class=\u00a0\u00bbcentrer-verticalement\u00a0\u00bb _builder_version=\u00a0\u00bb4.17.6&Prime; _module_preset=\u00a0\u00bbdefault\u00a0\u00bb width=\u00a0\u00bb240px\u00a0\u00bb hover_enabled=\u00a0\u00bb0&Prime; global_colors_info=\u00a0\u00bb{}\u00a0\u00bb sticky_enabled=\u00a0\u00bb0&Prime;][\/et_pb_image][\/et_pb_column][\/et_pb_row][et_pb_row column_structure=\u00a0\u00bb2_3,1_3&Prime; make_equal=\u00a0\u00bbon\u00a0\u00bb _builder_version=\u00a0\u00bb4.16&Prime; _module_preset=\u00a0\u00bbdefault\u00a0\u00bb global_colors_info=\u00a0\u00bb{}\u00a0\u00bb][et_pb_column type=\u00a0\u00bb2_3&Prime; _builder_version=\u00a0\u00bb4.16&Prime; _module_preset=\u00a0\u00bbdefault\u00a0\u00bb global_colors_info=\u00a0\u00bb{}\u00a0\u00bb][et_pb_text module_id=\u00a0\u00bbdabg-partner\u00a0\u00bb _builder_version=\u00a0\u00bb4.16&Prime; _module_preset=\u00a0\u00bbdefault\u00a0\u00bb global_colors_info=\u00a0\u00bb{}\u00a0\u00bb]<\/p>\n<h2><strong>Asociacia Dyslexia &#8211; Bulgarie (DABG)<\/strong><\/h2>\n<p>[\/et_pb_text][et_pb_text _builder_version=\u00a0\u00bb4.16&Prime; _module_preset=\u00a0\u00bbdefault\u00a0\u00bb custom_padding=\u00a0\u00bb||0px|||\u00a0\u00bb global_colors_info=\u00a0\u00bb{}\u00a0\u00bb]<\/p>\n<p>Asociacia Dyslexia &#8211; Bulgarie (DABG) est une organisation non gouvernementale et \u00e0 but non lucratif, fond\u00e9e en septembre 2005.<br \/>\nLes principaux objectifs de l&rsquo;Association sont :<br \/>\n&#8211; diffuser des informations sur la dyslexie et autres difficult\u00e9s d&rsquo;apprentissage \/ par le biais de publications, conf\u00e9rences, ateliers, pr\u00e9sentations, Internet, etc. ;<br \/>\n&#8211; apprendre aux enseignants \/ tuteurs \/ formateurs \u00e0 reconna\u00eetre les sympt\u00f4mes de la dyslexie et ceux d&rsquo;enfants confront\u00e9s \u00e0 d&rsquo;autres difficult\u00e9s d&rsquo;apprentissage ;<br \/>\n&#8211; travailler individuellement ou en petits groupes avec des enfants et des jeunes, et les aider \u00e0 surmonter leurs difficult\u00e9s ;<br \/>\n&#8211; travailler \u00e0 la formation d&rsquo;une soci\u00e9t\u00e9 favorable \u00e0 la dyslexie qui permettra \u00e0 toutes les personnes dyslexiques d&rsquo;atteindre leur potentiel.<\/p>\n<p>Depuis sa cr\u00e9ation en 2005, la DABG a particip\u00e9 \u00e0 de nombreux projets li\u00e9s \u00e0 la dyslexie et autres difficult\u00e9s d&rsquo;apprentissage sp\u00e9cifiques, \u00e0 une identification et une intervention pr\u00e9coce, en aidant les \u00e9tudiants \u00e0 d\u00e9velopper de bonnes comp\u00e9tences d&rsquo;apprentissage, en utilisant des technologies d&rsquo;assistance dans l&rsquo;\u00e9ducation, le bilinguisme, l&rsquo;enseignement des langues \u00e9trang\u00e8res, etc.<br \/>\nLes sp\u00e9cialistes de l&rsquo;Association proposent des formations, des s\u00e9minaires, des ateliers, des pr\u00e9sentations pour les enseignants, les sp\u00e9cialistes et les parents, ainsi que des \u00e9valuation et consultations individuelles pour les enfants, les jeunes et les adultes de tout le pays.<\/p>\n<p><a href=\"https:\/\/www.dyslexia-bg.org\"><i class=\"fas fa-link fa-2x picto_color\"><\/i><\/a><a href=\"https:\/\/facebook.com\/\u0410\u0441\u043e\u0446\u0438\u0430\u0446\u0438\u044f-\u0414\u0438\u0441\u043b\u0435\u043a\u0441\u0438\u044f-\u0411\u044a\u043b\u0433\u0430\u0440\u0438\u044f\"><i class=\"fab fa-facebook fa-2x picto_color\" style=\"margin-left: 10px;\"><\/i><\/a>\n<\/p>\n<p>[\/et_pb_text][\/et_pb_column][et_pb_column type=\u00a0\u00bb1_3&Prime; module_class=\u00a0\u00bbcentrer-verticalement\u00a0\u00bb _builder_version=\u00a0\u00bb4.16&Prime; _module_preset=\u00a0\u00bbdefault\u00a0\u00bb global_colors_info=\u00a0\u00bb{}\u00a0\u00bb][et_pb_image src=\u00a0\u00bbhttps:\/\/tutodys.eu\/wp-content\/uploads\/2021\/03\/dabg-removebg-preview.png\u00a0\u00bb title_text=\u00a0\u00bbdabg-removebg-preview\u00a0\u00bb url=\u00a0\u00bbhttp:\/\/edyslearn.com\/Home.html\u00a0\u00bb align=\u00a0\u00bbcenter\u00a0\u00bb module_class=\u00a0\u00bbcentrer-verticalement\u00a0\u00bb _builder_version=\u00a0\u00bb4.16&Prime; _module_preset=\u00a0\u00bbdefault\u00a0\u00bb width=\u00a0\u00bb200px\u00a0\u00bb global_colors_info=\u00a0\u00bb{}\u00a0\u00bb][\/et_pb_image][\/et_pb_column][\/et_pb_row][et_pb_row column_structure=\u00a0\u00bb2_3,1_3&Prime; make_equal=\u00a0\u00bbon\u00a0\u00bb _builder_version=\u00a0\u00bb4.16&Prime; _module_preset=\u00a0\u00bbdefault\u00a0\u00bb locked=\u00a0\u00bboff\u00a0\u00bb global_colors_info=\u00a0\u00bb{}\u00a0\u00bb][et_pb_column type=\u00a0\u00bb2_3&Prime; _builder_version=\u00a0\u00bb4.16&Prime; _module_preset=\u00a0\u00bbdefault\u00a0\u00bb global_colors_info=\u00a0\u00bb{}\u00a0\u00bb][et_pb_text module_id=\u00a0\u00bbeuphoria-partner\u00a0\u00bb _builder_version=\u00a0\u00bb4.16&Prime; _module_preset=\u00a0\u00bbdefault\u00a0\u00bb global_colors_info=\u00a0\u00bb{}\u00a0\u00bb]<\/p>\n<h2><strong>Euphoria<\/strong><\/h2>\n<p>[\/et_pb_text][et_pb_text _builder_version=\u00a0\u00bb4.16&Prime; _module_preset=\u00a0\u00bbdefault\u00a0\u00bb global_colors_info=\u00a0\u00bb{}\u00a0\u00bb]<\/p>\n<p><span>Euphoria Net Srl est une soci\u00e9t\u00e9 italienne cr\u00e9\u00e9e en mars 2019 dont l&rsquo;objectif principal est de fournir des services dans le domaine de la gestion de projets, du soutien aux organisations dans leur mise en oeuvre ainsi que dans la formation sur ce sujet. Euphoria est sp\u00e9cialis\u00e9e dans le domaine de l&rsquo;\u00e9ducation et travaille dans des projets li\u00e9s \u00e0 l&rsquo;innovation dans ces domaines.<\/span><br \/><span>Les trois principaux domaines d&rsquo;activit\u00e9s sont les suivants:<\/span><br \/>\n<span>&#8211; Gestion de projet: nous suivons tous les aspects li\u00e9s aux projets europ\u00e9ens;<\/span><br \/><span>&#8211; Formations : nous organisons des formations sp\u00e9cialement pour les \u00e9coles de tous niveaux, les universit\u00e9s et les associations sur les sujets suivants, gestion de projet, comp\u00e9tences num\u00e9riques, entrepreneuriat, int\u00e9gration des STEM \u00e0 l&rsquo;\u00e9cole, citoyennet\u00e9 europ\u00e9enne, apprentissage personnalis\u00e9, comp\u00e9tences g\u00e9n\u00e9rales et m\u00e9thodologies innovantes.<\/span><br \/><span>&#8211; Organisation d&rsquo;\u00e9v\u00e9nements et strat\u00e9gies de communication : nous organisons des strat\u00e9gies de diffusion au sein des projets, y compris la mise en place de l&rsquo;image de marque du projet, la communication, l&rsquo;organisation et la coordination d&rsquo;\u00e9v\u00e9nements dans toute l&rsquo;Europe.<\/span><br \/><span><br \/>\nNotre si\u00e8ge social est \u00e0 Rome, mais nous nous d\u00e9pla\u00e7ons dans toute l&rsquo;Italie pour dispenser nos formations et en Europe pour mettre en \u0153uvre des projets europ\u00e9ens.<\/span><br \/><span> <\/span><br \/>\n<a href=\"www.euphorianet.it\" target=\"_blank\" rel=\"noopener\"><span><i class=\"fas fa-link fa-2x picto_color\"><\/i><\/span><\/a><a href=\"mailto:info@euphorianet.it\"><span><i class=\"fas fa-envelope fa-2x picto_color\"  style=\"margin-left: 10px;\"><\/i>  <\/span><\/a><a href=\"@EuphoriaNETsrl\"><i class=\"fab fa-facebook fa-2x picto_color\" style=\"margin-left:10px;\"><br \/>\n<\/i><\/a>\n<\/p>\n<p>[\/et_pb_text][\/et_pb_column][et_pb_column type=\u00a0\u00bb1_3&Prime; module_class=\u00a0\u00bbcentrer-verticalement\u00a0\u00bb _builder_version=\u00a0\u00bb4.16&Prime; _module_preset=\u00a0\u00bbdefault\u00a0\u00bb global_colors_info=\u00a0\u00bb{}\u00a0\u00bb][et_pb_image src=\u00a0\u00bbhttps:\/\/tutodys.eu\/wp-content\/uploads\/2021\/03\/euphoria-removebg-preview.png\u00a0\u00bb title_text=\u00a0\u00bbeuphoria-removebg-preview\u00a0\u00bb url=\u00a0\u00bbhttps:\/\/euphorianet.it\/\u00a0\u00bb align=\u00a0\u00bbcenter\u00a0\u00bb module_class=\u00a0\u00bbcentrer-verticalement\u00a0\u00bb _builder_version=\u00a0\u00bb4.16&Prime; _module_preset=\u00a0\u00bbdefault\u00a0\u00bb width=\u00a0\u00bb200px\u00a0\u00bb global_colors_info=\u00a0\u00bb{}\u00a0\u00bb][\/et_pb_image][\/et_pb_column][\/et_pb_row][et_pb_row column_structure=\u00a0\u00bb2_3,1_3&Prime; make_equal=\u00a0\u00bbon\u00a0\u00bb _builder_version=\u00a0\u00bb4.16&Prime; _module_preset=\u00a0\u00bbdefault\u00a0\u00bb locked=\u00a0\u00bboff\u00a0\u00bb global_colors_info=\u00a0\u00bb{}\u00a0\u00bb][et_pb_column type=\u00a0\u00bb2_3&Prime; _builder_version=\u00a0\u00bb4.16&Prime; _module_preset=\u00a0\u00bbdefault\u00a0\u00bb global_colors_info=\u00a0\u00bb{}\u00a0\u00bb][et_pb_text module_id=\u00a0\u00bbjosipmatosps-partner\u00a0\u00bb _builder_version=\u00a0\u00bb4.16&Prime; _module_preset=\u00a0\u00bbdefault\u00a0\u00bb global_colors_info=\u00a0\u00bb{}\u00a0\u00bb]<\/p>\n<h2><strong>Josip Matos PS<\/strong><\/h2>\n<p>[\/et_pb_text][et_pb_text _builder_version=\u00a0\u00bb4.16&Prime; _module_preset=\u00a0\u00bbdefault\u00a0\u00bb global_colors_info=\u00a0\u00bb{}\u00a0\u00bb]<\/p>\n<p><span>Josip Matos Primary School<\/span><\/p>\n<p><span> L&rsquo;\u00e9cole primaire Josip Matos est la seule \u00e9cole ind\u00e9pendante pour les \u00e9l\u00e8ves avec handicaps de la r\u00e9gion de Vukovar-Srijem. Elle a \u00e9t\u00e9 fond\u00e9e en 1970. L&rsquo;\u00e9cole dispense un enseignement primaire et une \u00e9ducation aux enfants et aux jeunes pr\u00e9sentant des handicaps, l&rsquo;\u00e9ducation et la garde des enfants d&rsquo;\u00e2ge pr\u00e9scolaire, ainsi que l&rsquo;enseignement primaire des adultes avec handicaps, comme suit:<\/span><\/p>\n<p>&#8211; Les enfants et les jeunes avec d\u00e9ficience intellectuelle l\u00e9g\u00e8re, <br \/><\/span><span>&#8211; Les enfants et jeunes avec d\u00e9ficience intellectuelle mod\u00e9r\u00e9e \u00e0 s\u00e9v\u00e8re<br \/><\/span><span>&#8211; les enfants atteints de troubles du spectre autistique.<\/span><\/p>\n<p><span>L&rsquo;\u00e9cole coop\u00e8re aussi avec d&rsquo;autres \u00e9tablissements pr\u00e9scolaires, primaires et secondaires de la r\u00e9gion de Vukovar-Srijem afin de fournir un soutien aux \u00e9l\u00e8ves porteurs de handicaps int\u00e9gr\u00e9s dans le syst\u00e8me \u00e9ducatif ordinaire. L&rsquo;\u00e9cole emploie des experts de diff\u00e9rents profils, des r\u00e9\u00e9ducateurs p\u00e9dagogiques, des orthophonistes, des p\u00e9dagogues sociaux, des psychologues, des enseignants et des infirmi\u00e8res. En plus des activit\u00e9s scolaires et parascolaires, l&rsquo;\u00e9cole organise un certain nombre de s\u00e9ances de r\u00e9\u00e9ducation (orthophonie, kin\u00e9sith\u00e9rapie, th\u00e9rapie d&rsquo;int\u00e9gration sensorielle, etc.) et cherche \u00e0 travers des projets nationaux et internationaux \u00e0 assurer le d\u00e9veloppement professionnel continu du personnel ainsi que l&rsquo;am\u00e9lioration de la qualit\u00e9. de travail avec des \u00e9l\u00e8ves ayant une d\u00e9ficience intellectuelle.<br \/>\n<\/span><\/p>\n<p><a href=\"http:\/\/www.os-jmatosa-vu.skole.hr\/\" target=\"_blank\" rel=\"noopener\"><span><i class=\"fas fa-link fa-2x picto_color\"><\/i><\/span><\/a><a href=\"https:\/\/www.facebook.com\/Osnovna-%C5%A1kola-Josipa-Mato%C5%A1a-Vukovar-377922229294646\/?ref=bookmarks\"><i class=\"fab fa-facebook fa-2x picto_color\" style=\"margin-left:10px;\"><br \/>\n<\/i><\/a>[\/et_pb_text][\/et_pb_column][et_pb_column type=\u00a0\u00bb1_3&Prime; module_class=\u00a0\u00bbcentrer-verticalement\u00a0\u00bb _builder_version=\u00a0\u00bb4.16&Prime; _module_preset=\u00a0\u00bbdefault\u00a0\u00bb global_colors_info=\u00a0\u00bb{}\u00a0\u00bb][et_pb_image src=\u00a0\u00bbhttps:\/\/tutodys.eu\/wp-content\/uploads\/2021\/03\/josipa-matosa-logo-removebg-preview.png\u00a0\u00bb title_text=\u00a0\u00bbjosipa-matosa-logo-removebg-preview\u00a0\u00bb align=\u00a0\u00bbcenter\u00a0\u00bb module_class=\u00a0\u00bbcentrer-verticalement\u00a0\u00bb _builder_version=\u00a0\u00bb4.16&Prime; _module_preset=\u00a0\u00bbdefault\u00a0\u00bb width=\u00a0\u00bb200px\u00a0\u00bb global_colors_info=\u00a0\u00bb{}\u00a0\u00bb][\/et_pb_image][\/et_pb_column][\/et_pb_row][\/et_pb_section]<\/p>\n","protected":false},"excerpt":{"rendered":"<p>PartenairesLe projet Tutodys est mis en oeuvre par un partenariat europ\u00e9en dans le cadre d&rsquo;un projet Erasmus+ KA2 pour l&rsquo;\u00e9ducation, impliquant des organisations publiques et priv\u00e9es de cinq pays diff\u00e9rents.Belgique &#8211; Bulgarie &#8211; Croatie &#8211; France &#8211; ItalieEdulogDepuis 2009, EDULOG travaille avec des lyc\u00e9es et des associations \u00e9ducatives pour cr\u00e9er des outils de communication, de [&hellip;]<\/p>\n","protected":false},"author":2,"featured_media":0,"parent":0,"menu_order":0,"comment_status":"closed","ping_status":"closed","template":"","meta":{"_et_pb_use_builder":"on","_et_pb_old_content":"","_et_gb_content_width":"","footnotes":""},"_links":{"self":[{"href":"https:\/\/tutodys.eu\/fr\/wp-json\/wp\/v2\/pages\/576"}],"collection":[{"href":"https:\/\/tutodys.eu\/fr\/wp-json\/wp\/v2\/pages"}],"about":[{"href":"https:\/\/tutodys.eu\/fr\/wp-json\/wp\/v2\/types\/page"}],"author":[{"embeddable":true,"href":"https:\/\/tutodys.eu\/fr\/wp-json\/wp\/v2\/users\/2"}],"replies":[{"embeddable":true,"href":"https:\/\/tutodys.eu\/fr\/wp-json\/wp\/v2\/comments?post=576"}],"version-history":[{"count":12,"href":"https:\/\/tutodys.eu\/fr\/wp-json\/wp\/v2\/pages\/576\/revisions"}],"predecessor-version":[{"id":1070,"href":"https:\/\/tutodys.eu\/fr\/wp-json\/wp\/v2\/pages\/576\/revisions\/1070"}],"wp:attachment":[{"href":"https:\/\/tutodys.eu\/fr\/wp-json\/wp\/v2\/media?parent=576"}],"curies":[{"name":"wp","href":"https:\/\/api.w.org\/{rel}","templated":true}]}}