{"id":428,"date":"2021-04-13T13:55:00","date_gmt":"2021-04-13T11:55:00","guid":{"rendered":"https:\/\/tutodys.eu\/souscrire\/"},"modified":"2021-04-16T16:10:38","modified_gmt":"2021-04-16T14:10:38","slug":"souscrire","status":"publish","type":"page","link":"https:\/\/tutodys.eu\/fr\/souscrire\/","title":{"rendered":"Souscrire"},"content":{"rendered":"<p>[et_pb_section fb_built=\u00a0\u00bb1&Prime; _builder_version=\u00a0\u00bb4.6.6&Prime; _module_preset=\u00a0\u00bbdefault\u00a0\u00bb background_color=\u00a0\u00bb#F8FAFC\u00a0\u00bb custom_margin=\u00a0\u00bb||||false|false\u00a0\u00bb custom_padding=\u00a0\u00bb30px||30px||false|false\u00a0\u00bb locked=\u00a0\u00bboff\u00a0\u00bb][et_pb_row _builder_version=\u00a0\u00bb4.6.6&Prime; _module_preset=\u00a0\u00bbdefault\u00a0\u00bb][et_pb_column type=\u00a0\u00bb4_4&Prime; _builder_version=\u00a0\u00bb4.6.6&Prime; _module_preset=\u00a0\u00bbdefault\u00a0\u00bb][et_pb_text _builder_version=\u00a0\u00bb4.6.6&Prime; _module_preset=\u00a0\u00bbdefault\u00a0\u00bb header_text_color=\u00a0\u00bb#e95009&Prime;]<\/p>\n<h1 style=\"text-align: center; color: #e95008;\"><strong>REJOIGNEZ-NOUS<\/strong><\/h1>\n<p>[\/et_pb_text][et_pb_text _builder_version=\u00a0\u00bb4.6.6&Prime; _module_preset=\u00a0\u00bbdefault\u00a0\u00bb text_orientation=\u00a0\u00bbcenter\u00a0\u00bb]<\/p>\n<p>Enseignants, tuteurs ou sp\u00e9cialistes\u00a0?<br \/> Vous souhaiteriez vous impliquer ou tester nos ressources en avant-premi\u00e8re\u00a0?<\/p>\n<p>[\/et_pb_text][\/et_pb_column][\/et_pb_row][\/et_pb_section][et_pb_section fb_built=\u00a0\u00bb1&Prime; _builder_version=\u00a0\u00bb4.9.4&Prime; _module_preset=\u00a0\u00bbdefault\u00a0\u00bb custom_padding=\u00a0\u00bb30px||30px||false|false\u00a0\u00bb hover_enabled=\u00a0\u00bb0&Prime; sticky_enabled=\u00a0\u00bb0&Prime;][et_pb_row _builder_version=\u00a0\u00bb4.9.4&Prime; _module_preset=\u00a0\u00bbdefault\u00a0\u00bb custom_padding=\u00a0\u00bb0px||0px||false|false\u00a0\u00bb hover_enabled=\u00a0\u00bb0&Prime; custom_margin=\u00a0\u00bb0px||0px||false|false\u00a0\u00bb sticky_enabled=\u00a0\u00bb0&Prime;][et_pb_column type=\u00a0\u00bb4_4&Prime; _builder_version=\u00a0\u00bb4.6.6&Prime; _module_preset=\u00a0\u00bbdefault\u00a0\u00bb][et_pb_text _builder_version=\u00a0\u00bb4.9.4&Prime; _module_preset=\u00a0\u00bbdefault\u00a0\u00bb custom_margin=\u00a0\u00bb0px||0px||false|false\u00a0\u00bb custom_padding=\u00a0\u00bb0px||0px||false|false\u00a0\u00bb]<\/p>\n<div class=\"forminator-ui forminator-custom-form forminator-custom-form-631 forminator-design--material  forminator_ajax\" data-forminator-render=\"0\" data-form=\"forminator-module-631\" data-uid=\"69db5672d74ac\"><br\/><\/div><form\n\t\t\t\tid=\"forminator-module-631\"\n\t\t\t\tclass=\"forminator-ui forminator-custom-form forminator-custom-form-631 forminator-design--material  forminator_ajax\"\n\t\t\t\tmethod=\"post\"\n\t\t\t\tdata-forminator-render=\"0\"\n\t\t\t\tdata-form-id=\"631\"\n\t\t\t\t\n\t\t\t\tdata-design=\"material\"\n\t\t\t\t\n\t\t\t\t\n\t\t\t\t\n\t\t\t\tdata-grid=\"open\"\n\t\t\t\t\n\t\t\t\t\n\t\t\t\tstyle=\"display: none;\"\n\t\t\t\t\n\t\t\t\tdata-uid=\"69db5672d74ac\"\n\t\t\t><div role=\"alert\" aria-live=\"polite\" class=\"forminator-response-message forminator-error\" aria-hidden=\"true\"><\/div><div class=\"forminator-row\"><div id=\"name-1\" class=\"forminator-col forminator-col-12 \"><div class=\"forminator-field\"><label for=\"forminator-field-name-1_69db5672d74ac\" class=\"forminator-label\" id=\"forminator-field-name-1_69db5672d74ac-label\">Nom Pr\u00e9nom <span class=\"forminator-required\">*<\/span><\/label><input type=\"text\" name=\"name-1\" value=\"\" placeholder=\"ex. Ch\u00e2teau Jean\" id=\"forminator-field-name-1_69db5672d74ac\" class=\"forminator-input forminator-name--field\" aria-required=\"true\" \/><\/div><\/div><\/div><div class=\"forminator-row\"><div id=\"email-1\" class=\"forminator-col forminator-col-12 \"><div class=\"forminator-field\"><label for=\"forminator-field-email-1_69db5672d74ac\" class=\"forminator-label\" id=\"forminator-field-email-1_69db5672d74ac-label\">Adresse mail <span class=\"forminator-required\">*<\/span><\/label><input type=\"email\" name=\"email-1\" value=\"\" placeholder=\"ex. jean@moncompte.com\" id=\"forminator-field-email-1_69db5672d74ac\" class=\"forminator-input forminator-email--field\" data-required=\"true\" aria-required=\"true\" \/><\/div><\/div><\/div><div class=\"forminator-row\"><div id=\"checkbox-1\" class=\"forminator-col forminator-col-12 \"><div role=\"group\" class=\"forminator-field\" aria-labelledby=\"forminator-checkbox-group-69db5672d74ac-label\"><h4 id=\"forminator-checkbox-group-69db5672d74ac-label\" class=\"forminator-label\">Authorisation<\/h4><label id=\"forminator-field-checkbox-1-1-69db5672d74ac-label\" for=\"forminator-field-checkbox-1-1-69db5672d74ac\" class=\"forminator-checkbox\" title=\"J&#039;autorise Tutodys \u00e0 me contacter pour participer au projet ou en tester les ressources. Mes donn\u00e9es ne seront utilis\u00e9es qu&#039;\u00e0 cette fin.\"><input type=\"checkbox\" name=\"checkbox-1[]\" value=\"jautorise-tutodys-me-contacter-pour-participer-au-projet-ou-en-tester-les-ressources-mes-donnes-ne-seront-utilises-qu-cette-fin\" id=\"forminator-field-checkbox-1-1-69db5672d74ac\" aria-labelledby=\"forminator-field-checkbox-1-1-69db5672d74ac-label\" data-calculation=\"0\"   aria-describedby=\"forminator-field-checkbox-1-69db5672d74ac-description\"\/><span class=\"forminator-checkbox-box\" aria-hidden=\"true\"><\/span><span class=\"forminator-checkbox-label\">J'autorise Tutodys \u00e0 me contacter pour participer au projet ou en tester les ressources. Mes donn\u00e9es ne seront utilis\u00e9es qu'\u00e0 cette fin.<\/span><\/label><\/div><\/div><\/div><input type=\"hidden\" name=\"referer_url\" value=\"\" \/><div class=\"forminator-row forminator-row-last\"><div class=\"forminator-col\"><div class=\"forminator-field\"><button class=\"forminator-button forminator-button-submit\"><span>C&#039;est parti&nbsp;!<\/span><span aria-hidden=\"true\"><\/span><\/button><\/div><\/div><\/div><input type=\"hidden\" id=\"forminator_nonce\" name=\"forminator_nonce\" value=\"ed277fa527\" \/><input type=\"hidden\" name=\"_wp_http_referer\" value=\"\/fr\/wp-json\/wp\/v2\/pages\/428\" \/><input type=\"hidden\" name=\"form_id\" value=\"631\"><input type=\"hidden\" name=\"page_id\" value=\"428\"><input type=\"hidden\" name=\"form_type\" value=\"default\"><input type=\"hidden\" name=\"current_url\" value=\"https:\/\/tutodys.eu\/fr\/souscrire\/\"><input type=\"hidden\" name=\"render_id\" value=\"0\"><input type=\"hidden\" name=\"action\" value=\"forminator_submit_form_custom-forms\"><\/form>\n<p>[\/et_pb_text][\/et_pb_column][\/et_pb_row][\/et_pb_section]<\/p>\n","protected":false},"excerpt":{"rendered":"<p>REJOIGNEZ-NOUSEnseignants, tuteurs ou sp\u00e9cialistes\u00a0? Vous souhaiteriez vous impliquer ou tester nos ressources en avant-premi\u00e8re\u00a0?<div class=\"forminator-ui forminator-custom-form forminator-custom-form-631 forminator-design--material  forminator_ajax\" data-forminator-render=\"1\" data-form=\"forminator-module-631\" data-uid=\"69db567303171\"><br\/><\/div><form\n\t\t\t\tid=\"forminator-module-631\"\n\t\t\t\tclass=\"forminator-ui forminator-custom-form forminator-custom-form-631 forminator-design--material  forminator_ajax\"\n\t\t\t\tmethod=\"post\"\n\t\t\t\tdata-forminator-render=\"1\"\n\t\t\t\tdata-form-id=\"631\"\n\t\t\t\t\n\t\t\t\tdata-design=\"material\"\n\t\t\t\t\n\t\t\t\t\n\t\t\t\t\n\t\t\t\tdata-grid=\"open\"\n\t\t\t\t\n\t\t\t\t\n\t\t\t\tstyle=\"display: none;\"\n\t\t\t\t\n\t\t\t\tdata-uid=\"69db567303171\"\n\t\t\t><div role=\"alert\" aria-live=\"polite\" class=\"forminator-response-message forminator-error\" aria-hidden=\"true\"><\/div><div class=\"forminator-row\"><div id=\"name-1\" class=\"forminator-col forminator-col-12 \"><div class=\"forminator-field\"><label for=\"forminator-field-name-1_69db567303171\" class=\"forminator-label\" id=\"forminator-field-name-1_69db567303171-label\">Nom Pr\u00e9nom <span class=\"forminator-required\">*<\/span><\/label><input type=\"text\" name=\"name-1\" value=\"\" placeholder=\"ex. Ch\u00e2teau Jean\" id=\"forminator-field-name-1_69db567303171\" class=\"forminator-input forminator-name--field\" aria-required=\"true\" \/><\/div><\/div><\/div><div class=\"forminator-row\"><div id=\"email-1\" class=\"forminator-col forminator-col-12 \"><div class=\"forminator-field\"><label for=\"forminator-field-email-1_69db567303171\" class=\"forminator-label\" id=\"forminator-field-email-1_69db567303171-label\">Adresse mail <span class=\"forminator-required\">*<\/span><\/label><input type=\"email\" name=\"email-1\" value=\"\" placeholder=\"ex. jean@moncompte.com\" id=\"forminator-field-email-1_69db567303171\" class=\"forminator-input forminator-email--field\" data-required=\"true\" aria-required=\"true\" \/><\/div><\/div><\/div><div class=\"forminator-row\"><div id=\"checkbox-1\" class=\"forminator-col forminator-col-12 \"><div role=\"group\" class=\"forminator-field\" aria-labelledby=\"forminator-checkbox-group-69db567303171-label\"><h4 id=\"forminator-checkbox-group-69db567303171-label\" class=\"forminator-label\">Authorisation<\/h4><label id=\"forminator-field-checkbox-1-1-69db567303171-label\" for=\"forminator-field-checkbox-1-1-69db567303171\" class=\"forminator-checkbox\" title=\"J&#039;autorise Tutodys \u00e0 me contacter pour participer au projet ou en tester les ressources. Mes donn\u00e9es ne seront utilis\u00e9es qu&#039;\u00e0 cette fin.\"><input type=\"checkbox\" name=\"checkbox-1[]\" value=\"jautorise-tutodys-me-contacter-pour-participer-au-projet-ou-en-tester-les-ressources-mes-donnes-ne-seront-utilises-qu-cette-fin\" id=\"forminator-field-checkbox-1-1-69db567303171\" aria-labelledby=\"forminator-field-checkbox-1-1-69db567303171-label\" data-calculation=\"0\"   aria-describedby=\"forminator-field-checkbox-1-69db567303171-description\"\/><span class=\"forminator-checkbox-box\" aria-hidden=\"true\"><\/span><span class=\"forminator-checkbox-label\">J'autorise Tutodys \u00e0 me contacter pour participer au projet ou en tester les ressources. Mes donn\u00e9es ne seront utilis\u00e9es qu'\u00e0 cette fin.<\/span><\/label><\/div><\/div><\/div><input type=\"hidden\" name=\"referer_url\" value=\"\" \/><div class=\"forminator-row forminator-row-last\"><div class=\"forminator-col\"><div class=\"forminator-field\"><button class=\"forminator-button forminator-button-submit\"><span>C&#039;est parti&nbsp;!<\/span><span aria-hidden=\"true\"><\/span><\/button><\/div><\/div><\/div><input type=\"hidden\" id=\"forminator_nonce\" name=\"forminator_nonce\" value=\"ed277fa527\" \/><input type=\"hidden\" name=\"_wp_http_referer\" value=\"\/fr\/wp-json\/wp\/v2\/pages\/428\" \/><input type=\"hidden\" name=\"form_id\" value=\"631\"><input type=\"hidden\" name=\"page_id\" value=\"428\"><input type=\"hidden\" name=\"form_type\" value=\"default\"><input type=\"hidden\" name=\"current_url\" value=\"https:\/\/tutodys.eu\/fr\/souscrire\/\"><input type=\"hidden\" name=\"render_id\" value=\"1\"><input type=\"hidden\" name=\"action\" value=\"forminator_submit_form_custom-forms\"><\/form><\/p>\n","protected":false},"author":2,"featured_media":0,"parent":0,"menu_order":0,"comment_status":"closed","ping_status":"closed","template":"","meta":{"_et_pb_use_builder":"on","_et_pb_old_content":"","_et_gb_content_width":"","footnotes":""},"_links":{"self":[{"href":"https:\/\/tutodys.eu\/fr\/wp-json\/wp\/v2\/pages\/428"}],"collection":[{"href":"https:\/\/tutodys.eu\/fr\/wp-json\/wp\/v2\/pages"}],"about":[{"href":"https:\/\/tutodys.eu\/fr\/wp-json\/wp\/v2\/types\/page"}],"author":[{"embeddable":true,"href":"https:\/\/tutodys.eu\/fr\/wp-json\/wp\/v2\/users\/2"}],"replies":[{"embeddable":true,"href":"https:\/\/tutodys.eu\/fr\/wp-json\/wp\/v2\/comments?post=428"}],"version-history":[{"count":10,"href":"https:\/\/tutodys.eu\/fr\/wp-json\/wp\/v2\/pages\/428\/revisions"}],"predecessor-version":[{"id":633,"href":"https:\/\/tutodys.eu\/fr\/wp-json\/wp\/v2\/pages\/428\/revisions\/633"}],"wp:attachment":[{"href":"https:\/\/tutodys.eu\/fr\/wp-json\/wp\/v2\/media?parent=428"}],"curies":[{"name":"wp","href":"https:\/\/api.w.org\/{rel}","templated":true}]}}